{"id":1092,"date":"2020-08-03T09:48:12","date_gmt":"2020-08-03T07:48:12","guid":{"rendered":"https:\/\/filmantrop.no\/omd\/?page_id=1092"},"modified":"2020-08-03T16:04:12","modified_gmt":"2020-08-03T14:04:12","slug":"fix-1946-v-hammer","status":"publish","type":"page","link":"https:\/\/filmantrop.no\/omd\/mine-steinkjer-sykler\/fix-1946-v-hammer\/","title":{"rendered":"\u00abFix\u00bb (1946), V. Hammer"},"content":{"rendered":"\n<figure class=\"wp-block-image size-large\"><img data-opt-id=1916189937  fetchpriority=\"high\" decoding=\"async\" width=\"1024\" height=\"768\" src=\"https:\/\/mljwiz3ouuzf.i.optimole.com\/cb:-bft.ac1\/w:1024\/h:768\/q:mauto\/ig:avif\/https:\/\/filmantrop.no\/omd\/wp-content\/uploads\/2020\/04\/E99D448E-C48D-4528-B7BE-23F07EEB4448.jpeg\" alt=\"\" class=\"wp-image-685\" srcset=\"https:\/\/mljwiz3ouuzf.i.optimole.com\/cb:-bft.ac1\/w:1024\/h:768\/q:mauto\/ig:avif\/https:\/\/filmantrop.no\/omd\/wp-content\/uploads\/2020\/04\/E99D448E-C48D-4528-B7BE-23F07EEB4448-scaled.jpeg 1024w, https:\/\/mljwiz3ouuzf.i.optimole.com\/cb:-bft.ac1\/w:300\/h:225\/q:mauto\/ig:avif\/https:\/\/filmantrop.no\/omd\/wp-content\/uploads\/2020\/04\/E99D448E-C48D-4528-B7BE-23F07EEB4448-scaled.jpeg 300w, https:\/\/mljwiz3ouuzf.i.optimole.com\/cb:-bft.ac1\/w:768\/h:576\/q:mauto\/ig:avif\/https:\/\/filmantrop.no\/omd\/wp-content\/uploads\/2020\/04\/E99D448E-C48D-4528-B7BE-23F07EEB4448-scaled.jpeg 768w, https:\/\/mljwiz3ouuzf.i.optimole.com\/cb:-bft.ac1\/w:1440\/h:1080\/q:mauto\/ig:avif\/https:\/\/filmantrop.no\/omd\/wp-content\/uploads\/2020\/04\/E99D448E-C48D-4528-B7BE-23F07EEB4448-scaled.jpeg 1536w, https:\/\/mljwiz3ouuzf.i.optimole.com\/cb:-bft.ac1\/w:1440\/h:1080\/q:mauto\/ig:avif\/https:\/\/filmantrop.no\/omd\/wp-content\/uploads\/2020\/04\/E99D448E-C48D-4528-B7BE-23F07EEB4448-scaled.jpeg 2048w\" sizes=\"(max-width: 1024px) 100vw, 1024px\" \/><\/figure>\n\n\n\n<ul class=\"ticss-eac16e1c wp-block-list\"><li>Nr 4-2020<\/li><li>Merke: Fix, V. Hammer, Steinkjer<\/li><li>Modell: Dame turist<\/li><li>Fabrikant: Jonas \u00d8gl\u00e6nd<\/li><li>Rammenummer: 687795<\/li><li>\u00c5rsmodell: 1946<\/li><li>Vekt: 19,8 kg<\/li><li>St\u00f8rrelse: 22&#8243; = 56 cm<\/li><li>Dekk: 28 x 1 <sup>5<\/sup>\/<sub>8<\/sub> x 1 <sup>1<\/sup>\/<sub>2<\/sub> = 44-635 mm<\/li><li>Nav: Fichtel &amp; Sachs foran, bak Velo MAS frinav med pedalbrems<\/li><li>Annet: Overtatt fra \u00c5smund Nordgulen<\/li><\/ul>\n\n\n\n<figure class=\"wp-block-gallery columns-3 is-cropped wp-block-gallery-1 is-layout-flex wp-block-gallery-is-layout-flex\"><ul class=\"blocks-gallery-grid\"><li class=\"blocks-gallery-item\"><figure><a href=\"https:\/\/mljwiz3ouuzf.i.optimole.com\/cb:-bft.ac1\/w:auto\/h:auto\/q:mauto\/ig:avif\/https:\/\/filmantrop.no\/omd\/wp-content\/uploads\/2020\/04\/0F593E40-7391-418A-A217-62B336B81CED-scaled.jpeg\"><img data-opt-id=127139870  fetchpriority=\"high\" decoding=\"async\" width=\"768\" height=\"1024\" src=\"https:\/\/mljwiz3ouuzf.i.optimole.com\/cb:-bft.ac1\/w:768\/h:1024\/q:mauto\/ig:avif\/https:\/\/filmantrop.no\/omd\/wp-content\/uploads\/2020\/04\/0F593E40-7391-418A-A217-62B336B81CED.jpeg\" alt=\"\" data-id=\"691\" data-full-url=\"https:\/\/mljwiz3ouuzf.i.optimole.com\/cb:-bft.ac1\/w:auto\/h:auto\/q:mauto\/ig:avif\/https:\/\/filmantrop.no\/omd\/wp-content\/uploads\/2020\/04\/0F593E40-7391-418A-A217-62B336B81CED-scaled.jpeg\" data-link=\"https:\/\/filmantrop.no\/omd\/2020\/04\/07\/oppussing-av-fix-damesykkel-fra-v-hammer-steinkjer\/0f593e40-7391-418a-a217-62b336b81ced\/\" class=\"wp-image-691\" srcset=\"https:\/\/mljwiz3ouuzf.i.optimole.com\/cb:-bft.ac1\/w:768\/h:1024\/q:mauto\/ig:avif\/https:\/\/filmantrop.no\/omd\/wp-content\/uploads\/2020\/04\/0F593E40-7391-418A-A217-62B336B81CED-scaled.jpeg 768w, https:\/\/mljwiz3ouuzf.i.optimole.com\/cb:-bft.ac1\/w:225\/h:300\/q:mauto\/ig:avif\/https:\/\/filmantrop.no\/omd\/wp-content\/uploads\/2020\/04\/0F593E40-7391-418A-A217-62B336B81CED-scaled.jpeg 225w, https:\/\/mljwiz3ouuzf.i.optimole.com\/cb:-bft.ac1\/w:810\/h:1080\/q:mauto\/ig:avif\/https:\/\/filmantrop.no\/omd\/wp-content\/uploads\/2020\/04\/0F593E40-7391-418A-A217-62B336B81CED-scaled.jpeg 1152w, https:\/\/mljwiz3ouuzf.i.optimole.com\/cb:-bft.ac1\/w:810\/h:1080\/q:mauto\/ig:avif\/https:\/\/filmantrop.no\/omd\/wp-content\/uploads\/2020\/04\/0F593E40-7391-418A-A217-62B336B81CED-scaled.jpeg 1536w, https:\/\/mljwiz3ouuzf.i.optimole.com\/cb:-bft.ac1\/w:810\/h:1080\/q:mauto\/ig:avif\/https:\/\/filmantrop.no\/omd\/wp-content\/uploads\/2020\/04\/0F593E40-7391-418A-A217-62B336B81CED-scaled.jpeg 1920w\" sizes=\"(max-width: 768px) 100vw, 768px\" \/><\/a><\/figure><\/li><li class=\"blocks-gallery-item\"><figure><a href=\"https:\/\/mljwiz3ouuzf.i.optimole.com\/cb:-bft.ac1\/w:auto\/h:auto\/q:mauto\/ig:avif\/https:\/\/filmantrop.no\/omd\/wp-content\/uploads\/2020\/04\/C7520B75-69E8-4798-9EAC-1EA406E8343B-scaled.jpeg\"><img data-opt-id=1485549212  data-opt-src=\"https:\/\/mljwiz3ouuzf.i.optimole.com\/cb:-bft.ac1\/w:768\/h:1024\/q:mauto\/ig:avif\/https:\/\/filmantrop.no\/omd\/wp-content\/uploads\/2020\/04\/C7520B75-69E8-4798-9EAC-1EA406E8343B.jpeg\"  decoding=\"async\" width=\"768\" height=\"1024\" src=\"data:image/svg+xml,%3Csvg%20viewBox%3D%220%200%20768%201024%22%20width%3D%22768%22%20height%3D%221024%22%20xmlns%3D%22http%3A%2F%2Fwww.w3.org%2F2000%2Fsvg%22%3E%3Crect%20width%3D%22768%22%20height%3D%221024%22%20fill%3D%22transparent%22%2F%3E%3C%2Fsvg%3E\" alt=\"\" data-id=\"687\" data-full-url=\"https:\/\/mljwiz3ouuzf.i.optimole.com\/cb:-bft.ac1\/w:auto\/h:auto\/q:mauto\/ig:avif\/https:\/\/filmantrop.no\/omd\/wp-content\/uploads\/2020\/04\/C7520B75-69E8-4798-9EAC-1EA406E8343B-scaled.jpeg\" data-link=\"https:\/\/filmantrop.no\/omd\/2020\/04\/07\/oppussing-av-fix-damesykkel-fra-v-hammer-steinkjer\/c7520b75-69e8-4798-9eac-1ea406e8343b\/\" class=\"wp-image-687\" old-srcset=\"https:\/\/mljwiz3ouuzf.i.optimole.com\/cb:-bft.ac1\/w:768\/h:1024\/q:mauto\/ig:avif\/https:\/\/filmantrop.no\/omd\/wp-content\/uploads\/2020\/04\/C7520B75-69E8-4798-9EAC-1EA406E8343B-scaled.jpeg 768w, https:\/\/mljwiz3ouuzf.i.optimole.com\/cb:-bft.ac1\/w:225\/h:300\/q:mauto\/ig:avif\/https:\/\/filmantrop.no\/omd\/wp-content\/uploads\/2020\/04\/C7520B75-69E8-4798-9EAC-1EA406E8343B-scaled.jpeg 225w, https:\/\/mljwiz3ouuzf.i.optimole.com\/cb:-bft.ac1\/w:810\/h:1080\/q:mauto\/ig:avif\/https:\/\/filmantrop.no\/omd\/wp-content\/uploads\/2020\/04\/C7520B75-69E8-4798-9EAC-1EA406E8343B-scaled.jpeg 1152w, https:\/\/mljwiz3ouuzf.i.optimole.com\/cb:-bft.ac1\/w:810\/h:1080\/q:mauto\/ig:avif\/https:\/\/filmantrop.no\/omd\/wp-content\/uploads\/2020\/04\/C7520B75-69E8-4798-9EAC-1EA406E8343B-scaled.jpeg 1536w, https:\/\/mljwiz3ouuzf.i.optimole.com\/cb:-bft.ac1\/w:810\/h:1080\/q:mauto\/ig:avif\/https:\/\/filmantrop.no\/omd\/wp-content\/uploads\/2020\/04\/C7520B75-69E8-4798-9EAC-1EA406E8343B-scaled.jpeg 1920w\" \/><\/a><\/figure><\/li><li class=\"blocks-gallery-item\"><figure><a href=\"https:\/\/mljwiz3ouuzf.i.optimole.com\/cb:-bft.ac1\/w:auto\/h:auto\/q:mauto\/ig:avif\/https:\/\/filmantrop.no\/omd\/wp-content\/uploads\/2020\/04\/A825AFF3-770C-45B5-8156-56B918C29BD8-scaled.jpeg\"><img data-opt-id=918742550  data-opt-src=\"https:\/\/mljwiz3ouuzf.i.optimole.com\/cb:-bft.ac1\/w:1024\/h:768\/q:mauto\/ig:avif\/https:\/\/filmantrop.no\/omd\/wp-content\/uploads\/2020\/04\/A825AFF3-770C-45B5-8156-56B918C29BD8.jpeg\"  decoding=\"async\" width=\"1024\" height=\"768\" src=\"data:image/svg+xml,%3Csvg%20viewBox%3D%220%200%201024%20768%22%20width%3D%221024%22%20height%3D%22768%22%20xmlns%3D%22http%3A%2F%2Fwww.w3.org%2F2000%2Fsvg%22%3E%3Crect%20width%3D%221024%22%20height%3D%22768%22%20fill%3D%22transparent%22%2F%3E%3C%2Fsvg%3E\" alt=\"\" data-id=\"686\" data-full-url=\"https:\/\/mljwiz3ouuzf.i.optimole.com\/cb:-bft.ac1\/w:auto\/h:auto\/q:mauto\/ig:avif\/https:\/\/filmantrop.no\/omd\/wp-content\/uploads\/2020\/04\/A825AFF3-770C-45B5-8156-56B918C29BD8-scaled.jpeg\" data-link=\"https:\/\/filmantrop.no\/omd\/2020\/04\/07\/oppussing-av-fix-damesykkel-fra-v-hammer-steinkjer\/a825aff3-770c-45b5-8156-56b918c29bd8\/\" class=\"wp-image-686\" old-srcset=\"https:\/\/mljwiz3ouuzf.i.optimole.com\/cb:-bft.ac1\/w:1024\/h:768\/q:mauto\/ig:avif\/https:\/\/filmantrop.no\/omd\/wp-content\/uploads\/2020\/04\/A825AFF3-770C-45B5-8156-56B918C29BD8-scaled.jpeg 1024w, https:\/\/mljwiz3ouuzf.i.optimole.com\/cb:-bft.ac1\/w:300\/h:225\/q:mauto\/ig:avif\/https:\/\/filmantrop.no\/omd\/wp-content\/uploads\/2020\/04\/A825AFF3-770C-45B5-8156-56B918C29BD8-scaled.jpeg 300w, https:\/\/mljwiz3ouuzf.i.optimole.com\/cb:-bft.ac1\/w:768\/h:576\/q:mauto\/ig:avif\/https:\/\/filmantrop.no\/omd\/wp-content\/uploads\/2020\/04\/A825AFF3-770C-45B5-8156-56B918C29BD8-scaled.jpeg 768w, https:\/\/mljwiz3ouuzf.i.optimole.com\/cb:-bft.ac1\/w:1440\/h:1080\/q:mauto\/ig:avif\/https:\/\/filmantrop.no\/omd\/wp-content\/uploads\/2020\/04\/A825AFF3-770C-45B5-8156-56B918C29BD8-scaled.jpeg 1536w, https:\/\/mljwiz3ouuzf.i.optimole.com\/cb:-bft.ac1\/w:1440\/h:1080\/q:mauto\/ig:avif\/https:\/\/filmantrop.no\/omd\/wp-content\/uploads\/2020\/04\/A825AFF3-770C-45B5-8156-56B918C29BD8-scaled.jpeg 2048w\" \/><\/a><\/figure><\/li><li class=\"blocks-gallery-item\"><figure><a href=\"https:\/\/mljwiz3ouuzf.i.optimole.com\/cb:-bft.ac1\/w:auto\/h:auto\/q:mauto\/ig:avif\/https:\/\/filmantrop.no\/omd\/wp-content\/uploads\/2020\/04\/BBB3E4F4-7B5A-4DB1-8857-4A35B76AEAB1-scaled.jpeg\"><img data-opt-id=1982107848  data-opt-src=\"https:\/\/mljwiz3ouuzf.i.optimole.com\/cb:-bft.ac1\/w:768\/h:1024\/q:mauto\/ig:avif\/https:\/\/filmantrop.no\/omd\/wp-content\/uploads\/2020\/04\/BBB3E4F4-7B5A-4DB1-8857-4A35B76AEAB1.jpeg\"  decoding=\"async\" width=\"768\" height=\"1024\" src=\"data:image/svg+xml,%3Csvg%20viewBox%3D%220%200%20768%201024%22%20width%3D%22768%22%20height%3D%221024%22%20xmlns%3D%22http%3A%2F%2Fwww.w3.org%2F2000%2Fsvg%22%3E%3Crect%20width%3D%22768%22%20height%3D%221024%22%20fill%3D%22transparent%22%2F%3E%3C%2Fsvg%3E\" alt=\"\" data-id=\"665\" data-full-url=\"https:\/\/mljwiz3ouuzf.i.optimole.com\/cb:-bft.ac1\/w:auto\/h:auto\/q:mauto\/ig:avif\/https:\/\/filmantrop.no\/omd\/wp-content\/uploads\/2020\/04\/BBB3E4F4-7B5A-4DB1-8857-4A35B76AEAB1-scaled.jpeg\" data-link=\"https:\/\/filmantrop.no\/omd\/2020\/04\/07\/oppussing-av-fix-damesykkel-fra-v-hammer-steinkjer\/bbb3e4f4-7b5a-4db1-8857-4a35b76aeab1\/\" class=\"wp-image-665\" old-srcset=\"https:\/\/mljwiz3ouuzf.i.optimole.com\/cb:-bft.ac1\/w:768\/h:1024\/q:mauto\/ig:avif\/https:\/\/filmantrop.no\/omd\/wp-content\/uploads\/2020\/04\/BBB3E4F4-7B5A-4DB1-8857-4A35B76AEAB1-scaled.jpeg 768w, https:\/\/mljwiz3ouuzf.i.optimole.com\/cb:-bft.ac1\/w:225\/h:300\/q:mauto\/ig:avif\/https:\/\/filmantrop.no\/omd\/wp-content\/uploads\/2020\/04\/BBB3E4F4-7B5A-4DB1-8857-4A35B76AEAB1-scaled.jpeg 225w, https:\/\/mljwiz3ouuzf.i.optimole.com\/cb:-bft.ac1\/w:810\/h:1080\/q:mauto\/ig:avif\/https:\/\/filmantrop.no\/omd\/wp-content\/uploads\/2020\/04\/BBB3E4F4-7B5A-4DB1-8857-4A35B76AEAB1-scaled.jpeg 1152w, https:\/\/mljwiz3ouuzf.i.optimole.com\/cb:-bft.ac1\/w:810\/h:1080\/q:mauto\/ig:avif\/https:\/\/filmantrop.no\/omd\/wp-content\/uploads\/2020\/04\/BBB3E4F4-7B5A-4DB1-8857-4A35B76AEAB1-scaled.jpeg 1536w, https:\/\/mljwiz3ouuzf.i.optimole.com\/cb:-bft.ac1\/w:810\/h:1080\/q:mauto\/ig:avif\/https:\/\/filmantrop.no\/omd\/wp-content\/uploads\/2020\/04\/BBB3E4F4-7B5A-4DB1-8857-4A35B76AEAB1-scaled.jpeg 1920w\" \/><\/a><\/figure><\/li><li class=\"blocks-gallery-item\"><figure><a href=\"https:\/\/mljwiz3ouuzf.i.optimole.com\/cb:-bft.ac1\/w:auto\/h:auto\/q:mauto\/ig:avif\/https:\/\/filmantrop.no\/omd\/wp-content\/uploads\/2020\/04\/9CA76B5B-9FC4-4CBC-9EE2-868F37198846-scaled.jpeg\"><img data-opt-id=813061365  data-opt-src=\"https:\/\/mljwiz3ouuzf.i.optimole.com\/cb:-bft.ac1\/w:768\/h:1024\/q:mauto\/ig:avif\/https:\/\/filmantrop.no\/omd\/wp-content\/uploads\/2020\/04\/9CA76B5B-9FC4-4CBC-9EE2-868F37198846.jpeg\"  decoding=\"async\" width=\"768\" height=\"1024\" src=\"data:image/svg+xml,%3Csvg%20viewBox%3D%220%200%20768%201024%22%20width%3D%22768%22%20height%3D%221024%22%20xmlns%3D%22http%3A%2F%2Fwww.w3.org%2F2000%2Fsvg%22%3E%3Crect%20width%3D%22768%22%20height%3D%221024%22%20fill%3D%22transparent%22%2F%3E%3C%2Fsvg%3E\" alt=\"\" data-id=\"659\" data-full-url=\"https:\/\/mljwiz3ouuzf.i.optimole.com\/cb:-bft.ac1\/w:auto\/h:auto\/q:mauto\/ig:avif\/https:\/\/filmantrop.no\/omd\/wp-content\/uploads\/2020\/04\/9CA76B5B-9FC4-4CBC-9EE2-868F37198846-scaled.jpeg\" data-link=\"https:\/\/filmantrop.no\/omd\/2020\/04\/07\/oppussing-av-fix-damesykkel-fra-v-hammer-steinkjer\/9ca76b5b-9fc4-4cbc-9ee2-868f37198846\/\" class=\"wp-image-659\" old-srcset=\"https:\/\/mljwiz3ouuzf.i.optimole.com\/cb:-bft.ac1\/w:768\/h:1024\/q:mauto\/ig:avif\/https:\/\/filmantrop.no\/omd\/wp-content\/uploads\/2020\/04\/9CA76B5B-9FC4-4CBC-9EE2-868F37198846-scaled.jpeg 768w, https:\/\/mljwiz3ouuzf.i.optimole.com\/cb:-bft.ac1\/w:225\/h:300\/q:mauto\/ig:avif\/https:\/\/filmantrop.no\/omd\/wp-content\/uploads\/2020\/04\/9CA76B5B-9FC4-4CBC-9EE2-868F37198846-scaled.jpeg 225w, https:\/\/mljwiz3ouuzf.i.optimole.com\/cb:-bft.ac1\/w:810\/h:1080\/q:mauto\/ig:avif\/https:\/\/filmantrop.no\/omd\/wp-content\/uploads\/2020\/04\/9CA76B5B-9FC4-4CBC-9EE2-868F37198846-scaled.jpeg 1152w, https:\/\/mljwiz3ouuzf.i.optimole.com\/cb:-bft.ac1\/w:810\/h:1080\/q:mauto\/ig:avif\/https:\/\/filmantrop.no\/omd\/wp-content\/uploads\/2020\/04\/9CA76B5B-9FC4-4CBC-9EE2-868F37198846-scaled.jpeg 1536w, https:\/\/mljwiz3ouuzf.i.optimole.com\/cb:-bft.ac1\/w:810\/h:1080\/q:mauto\/ig:avif\/https:\/\/filmantrop.no\/omd\/wp-content\/uploads\/2020\/04\/9CA76B5B-9FC4-4CBC-9EE2-868F37198846-scaled.jpeg 1920w\" \/><\/a><\/figure><\/li><li class=\"blocks-gallery-item\"><figure><a href=\"https:\/\/mljwiz3ouuzf.i.optimole.com\/cb:-bft.ac1\/w:auto\/h:auto\/q:mauto\/ig:avif\/https:\/\/filmantrop.no\/omd\/wp-content\/uploads\/2020\/04\/A283C902-78AF-4654-8BD1-AD89EEF1982C-scaled.jpeg\"><img data-opt-id=281025173  data-opt-src=\"https:\/\/mljwiz3ouuzf.i.optimole.com\/cb:-bft.ac1\/w:768\/h:1024\/q:mauto\/ig:avif\/https:\/\/filmantrop.no\/omd\/wp-content\/uploads\/2020\/04\/A283C902-78AF-4654-8BD1-AD89EEF1982C.jpeg\"  decoding=\"async\" width=\"768\" height=\"1024\" src=\"data:image/svg+xml,%3Csvg%20viewBox%3D%220%200%20768%201024%22%20width%3D%22768%22%20height%3D%221024%22%20xmlns%3D%22http%3A%2F%2Fwww.w3.org%2F2000%2Fsvg%22%3E%3Crect%20width%3D%22768%22%20height%3D%221024%22%20fill%3D%22transparent%22%2F%3E%3C%2Fsvg%3E\" alt=\"\" data-id=\"660\" data-full-url=\"https:\/\/mljwiz3ouuzf.i.optimole.com\/cb:-bft.ac1\/w:auto\/h:auto\/q:mauto\/ig:avif\/https:\/\/filmantrop.no\/omd\/wp-content\/uploads\/2020\/04\/A283C902-78AF-4654-8BD1-AD89EEF1982C-scaled.jpeg\" data-link=\"https:\/\/filmantrop.no\/omd\/2020\/04\/07\/oppussing-av-fix-damesykkel-fra-v-hammer-steinkjer\/a283c902-78af-4654-8bd1-ad89eef1982c\/\" class=\"wp-image-660\" old-srcset=\"https:\/\/mljwiz3ouuzf.i.optimole.com\/cb:-bft.ac1\/w:768\/h:1024\/q:mauto\/ig:avif\/https:\/\/filmantrop.no\/omd\/wp-content\/uploads\/2020\/04\/A283C902-78AF-4654-8BD1-AD89EEF1982C-scaled.jpeg 768w, https:\/\/mljwiz3ouuzf.i.optimole.com\/cb:-bft.ac1\/w:225\/h:300\/q:mauto\/ig:avif\/https:\/\/filmantrop.no\/omd\/wp-content\/uploads\/2020\/04\/A283C902-78AF-4654-8BD1-AD89EEF1982C-scaled.jpeg 225w, https:\/\/mljwiz3ouuzf.i.optimole.com\/cb:-bft.ac1\/w:810\/h:1080\/q:mauto\/ig:avif\/https:\/\/filmantrop.no\/omd\/wp-content\/uploads\/2020\/04\/A283C902-78AF-4654-8BD1-AD89EEF1982C-scaled.jpeg 1152w, https:\/\/mljwiz3ouuzf.i.optimole.com\/cb:-bft.ac1\/w:810\/h:1080\/q:mauto\/ig:avif\/https:\/\/filmantrop.no\/omd\/wp-content\/uploads\/2020\/04\/A283C902-78AF-4654-8BD1-AD89EEF1982C-scaled.jpeg 1536w, https:\/\/mljwiz3ouuzf.i.optimole.com\/cb:-bft.ac1\/w:810\/h:1080\/q:mauto\/ig:avif\/https:\/\/filmantrop.no\/omd\/wp-content\/uploads\/2020\/04\/A283C902-78AF-4654-8BD1-AD89EEF1982C-scaled.jpeg 1920w\" \/><\/a><\/figure><\/li><li class=\"blocks-gallery-item\"><figure><a href=\"https:\/\/mljwiz3ouuzf.i.optimole.com\/cb:-bft.ac1\/w:auto\/h:auto\/q:mauto\/ig:avif\/https:\/\/filmantrop.no\/omd\/wp-content\/uploads\/2020\/04\/9BD755EF-5C0F-4BDA-9F04-57B5662C8AC6-scaled.jpeg\"><img data-opt-id=1608962916  data-opt-src=\"https:\/\/mljwiz3ouuzf.i.optimole.com\/cb:-bft.ac1\/w:1024\/h:768\/q:mauto\/ig:avif\/https:\/\/filmantrop.no\/omd\/wp-content\/uploads\/2020\/04\/9BD755EF-5C0F-4BDA-9F04-57B5662C8AC6.jpeg\"  decoding=\"async\" width=\"1024\" height=\"768\" src=\"data:image/svg+xml,%3Csvg%20viewBox%3D%220%200%201024%20768%22%20width%3D%221024%22%20height%3D%22768%22%20xmlns%3D%22http%3A%2F%2Fwww.w3.org%2F2000%2Fsvg%22%3E%3Crect%20width%3D%221024%22%20height%3D%22768%22%20fill%3D%22transparent%22%2F%3E%3C%2Fsvg%3E\" alt=\"\" data-id=\"690\" data-full-url=\"https:\/\/mljwiz3ouuzf.i.optimole.com\/cb:-bft.ac1\/w:auto\/h:auto\/q:mauto\/ig:avif\/https:\/\/filmantrop.no\/omd\/wp-content\/uploads\/2020\/04\/9BD755EF-5C0F-4BDA-9F04-57B5662C8AC6-scaled.jpeg\" data-link=\"https:\/\/filmantrop.no\/omd\/2020\/04\/07\/oppussing-av-fix-damesykkel-fra-v-hammer-steinkjer\/9bd755ef-5c0f-4bda-9f04-57b5662c8ac6\/\" class=\"wp-image-690\" old-srcset=\"https:\/\/mljwiz3ouuzf.i.optimole.com\/cb:-bft.ac1\/w:1024\/h:768\/q:mauto\/ig:avif\/https:\/\/filmantrop.no\/omd\/wp-content\/uploads\/2020\/04\/9BD755EF-5C0F-4BDA-9F04-57B5662C8AC6-scaled.jpeg 1024w, https:\/\/mljwiz3ouuzf.i.optimole.com\/cb:-bft.ac1\/w:300\/h:225\/q:mauto\/ig:avif\/https:\/\/filmantrop.no\/omd\/wp-content\/uploads\/2020\/04\/9BD755EF-5C0F-4BDA-9F04-57B5662C8AC6-scaled.jpeg 300w, https:\/\/mljwiz3ouuzf.i.optimole.com\/cb:-bft.ac1\/w:768\/h:576\/q:mauto\/ig:avif\/https:\/\/filmantrop.no\/omd\/wp-content\/uploads\/2020\/04\/9BD755EF-5C0F-4BDA-9F04-57B5662C8AC6-scaled.jpeg 768w, https:\/\/mljwiz3ouuzf.i.optimole.com\/cb:-bft.ac1\/w:1440\/h:1080\/q:mauto\/ig:avif\/https:\/\/filmantrop.no\/omd\/wp-content\/uploads\/2020\/04\/9BD755EF-5C0F-4BDA-9F04-57B5662C8AC6-scaled.jpeg 1536w, https:\/\/mljwiz3ouuzf.i.optimole.com\/cb:-bft.ac1\/w:1440\/h:1080\/q:mauto\/ig:avif\/https:\/\/filmantrop.no\/omd\/wp-content\/uploads\/2020\/04\/9BD755EF-5C0F-4BDA-9F04-57B5662C8AC6-scaled.jpeg 2048w\" \/><\/a><\/figure><\/li><\/ul><\/figure>\n","protected":false},"excerpt":{"rendered":"<p>Nr 4-2020 Merke: Fix, V. Hammer, Steinkjer Modell: Dame turist Fabrikant: Jonas \u00d8gl\u00e6nd Rammenummer: 687795 \u00c5rsmodell: 1946 Vekt: 19,8 kg St\u00f8rrelse: 22&#8243; = 56 cm Dekk: 28 x 1 5\/8 x 1 1\/2 = 44-635 mm Nav: Fichtel &amp; Sachs foran, bak Velo MAS frinav med pedalbrems Annet: Overtatt fra \u00c5smund Nordgulen<\/p>\n","protected":false},"author":1,"featured_media":0,"parent":31,"menu_order":0,"comment_status":"closed","ping_status":"closed","template":"","meta":{"neve_meta_sidebar":"","neve_meta_container":"","neve_meta_enable_content_width":"on","neve_meta_content_width":0,"neve_meta_title_alignment":"","neve_meta_author_avatar":"","neve_post_elements_order":"","neve_meta_disable_header":"","neve_meta_disable_footer":"","neve_meta_disable_title":"","_themeisle_gutenberg_block_has_review":false,"footnotes":""},"categories":[],"tags":[],"class_list":["post-1092","page","type-page","status-publish","hentry"],"_links":{"self":[{"href":"https:\/\/filmantrop.no\/omd\/wp-json\/wp\/v2\/pages\/1092","targetHints":{"allow":["GET"]}}],"collection":[{"href":"https:\/\/filmantrop.no\/omd\/wp-json\/wp\/v2\/pages"}],"about":[{"href":"https:\/\/filmantrop.no\/omd\/wp-json\/wp\/v2\/types\/page"}],"author":[{"embeddable":true,"href":"https:\/\/filmantrop.no\/omd\/wp-json\/wp\/v2\/users\/1"}],"replies":[{"embeddable":true,"href":"https:\/\/filmantrop.no\/omd\/wp-json\/wp\/v2\/comments?post=1092"}],"version-history":[{"count":2,"href":"https:\/\/filmantrop.no\/omd\/wp-json\/wp\/v2\/pages\/1092\/revisions"}],"predecessor-version":[{"id":1143,"href":"https:\/\/filmantrop.no\/omd\/wp-json\/wp\/v2\/pages\/1092\/revisions\/1143"}],"up":[{"embeddable":true,"href":"https:\/\/filmantrop.no\/omd\/wp-json\/wp\/v2\/pages\/31"}],"wp:attachment":[{"href":"https:\/\/filmantrop.no\/omd\/wp-json\/wp\/v2\/media?parent=1092"}],"wp:term":[{"taxonomy":"category","embeddable":true,"href":"https:\/\/filmantrop.no\/omd\/wp-json\/wp\/v2\/categories?post=1092"},{"taxonomy":"post_tag","embeddable":true,"href":"https:\/\/filmantrop.no\/omd\/wp-json\/wp\/v2\/tags?post=1092"}],"curies":[{"name":"wp","href":"https:\/\/api.w.org\/{rel}","templated":true}]}}