{"id":1096,"date":"2020-08-03T09:49:56","date_gmt":"2020-08-03T07:49:56","guid":{"rendered":"https:\/\/filmantrop.no\/omd\/?page_id=1096"},"modified":"2020-08-03T16:05:24","modified_gmt":"2020-08-03T14:05:24","slug":"jarl-1954-gartland","status":"publish","type":"page","link":"https:\/\/filmantrop.no\/omd\/mine-steinkjer-sykler\/jarl-1954-gartland\/","title":{"rendered":"\u00abJarl\u00bb (1954), Gartland"},"content":{"rendered":"\n<figure class=\"wp-block-image size-large\"><img data-opt-id=2021143339  fetchpriority=\"high\" decoding=\"async\" width=\"2000\" height=\"1500\" src=\"https:\/\/mljwiz3ouuzf.i.optimole.com\/cb:-bft.ac1\/w:auto\/h:auto\/q:mauto\/ig:avif\/https:\/\/i0.wp.com\/filmantrop.no\/omd\/wp-content\/uploads\/2020\/04\/img_0622.jpg?fit=1024%2C768&amp;ssl=1\" alt=\"\" class=\"wp-image-753\" srcset=\"https:\/\/mljwiz3ouuzf.i.optimole.com\/cb:-bft.ac1\/w:1440\/h:1080\/q:mauto\/ig:avif\/https:\/\/filmantrop.no\/omd\/wp-content\/uploads\/2020\/04\/img_0622.jpg 2000w, https:\/\/mljwiz3ouuzf.i.optimole.com\/cb:-bft.ac1\/w:300\/h:225\/q:mauto\/ig:avif\/https:\/\/filmantrop.no\/omd\/wp-content\/uploads\/2020\/04\/img_0622.jpg 300w, https:\/\/mljwiz3ouuzf.i.optimole.com\/cb:-bft.ac1\/w:1024\/h:768\/q:mauto\/ig:avif\/https:\/\/filmantrop.no\/omd\/wp-content\/uploads\/2020\/04\/img_0622.jpg 1024w, https:\/\/mljwiz3ouuzf.i.optimole.com\/cb:-bft.ac1\/w:768\/h:576\/q:mauto\/ig:avif\/https:\/\/filmantrop.no\/omd\/wp-content\/uploads\/2020\/04\/img_0622.jpg 768w, https:\/\/mljwiz3ouuzf.i.optimole.com\/cb:-bft.ac1\/w:1440\/h:1080\/q:mauto\/ig:avif\/https:\/\/filmantrop.no\/omd\/wp-content\/uploads\/2020\/04\/img_0622.jpg 1536w\" sizes=\"(max-width: 1200px) 100vw, 1200px\" \/><\/figure>\n\n\n\n<ul class=\"ticss-acaaee95 wp-block-list\"><li>Nr 2-2020<\/li><li>Merke: Jarl, O. Gartland, Steinkjer<\/li><li>Modell: Dame turist<\/li><li>Fabrikant: Jonas \u00d8gl\u00e6nd<\/li><li>Rammenummer: 1361555<\/li><li>\u00c5rsmodell: 1954<\/li><li>Vekt: 14,8 kg<\/li><li>St\u00f8rrelse: 22&#8243; = 56 cm<\/li><li>Dekk: 28 x 1 <sup>5<\/sup>\/<sub>8<\/sub> x 1 <sup>1<\/sup>\/<sub>2<\/sub> = 44-635 mm<\/li><li>Nav: J\u00d8S 90 mm trommelbremsenavn foran, bak Torpedo frinav med pedalbrems<\/li><li>Annet: Dessverre en knekk i rammen. Manglet forhjul, fant et med samme felg. Byttet b\u00e6rer. Skjermene burde med fordel v\u00e6rt byttet til noen bedre. Da kan ogs\u00e5 b\u00e6reren f\u00e5 ny lakk hvis det skjer. Overtatt fra \u00c5smund Nordgulen<\/li><\/ul>\n\n\n\n<figure class=\"wp-block-gallery columns-3 is-cropped wp-block-gallery-1 is-layout-flex wp-block-gallery-is-layout-flex\"><ul class=\"blocks-gallery-grid\"><li class=\"blocks-gallery-item\"><figure><a href=\"https:\/\/mljwiz3ouuzf.i.optimole.com\/cb:-bft.ac1\/w:auto\/h:auto\/q:mauto\/ig:avif\/https:\/\/filmantrop.no\/omd\/wp-content\/uploads\/2020\/04\/img_0471.jpg\"><img data-opt-id=730595418  fetchpriority=\"high\" decoding=\"async\" width=\"768\" height=\"1024\" src=\"https:\/\/mljwiz3ouuzf.i.optimole.com\/cb:-bft.ac1\/w:768\/h:1024\/q:mauto\/ig:avif\/https:\/\/filmantrop.no\/omd\/wp-content\/uploads\/2020\/04\/img_0471.jpg\" alt=\"\" data-id=\"639\" data-full-url=\"https:\/\/mljwiz3ouuzf.i.optimole.com\/cb:-bft.ac1\/w:auto\/h:auto\/q:mauto\/ig:avif\/https:\/\/filmantrop.no\/omd\/wp-content\/uploads\/2020\/04\/img_0471.jpg\" data-link=\"https:\/\/filmantrop.no\/omd\/img_0471-jpg\/\" class=\"wp-image-639\" srcset=\"https:\/\/mljwiz3ouuzf.i.optimole.com\/cb:-bft.ac1\/w:768\/h:1024\/q:mauto\/ig:avif\/https:\/\/filmantrop.no\/omd\/wp-content\/uploads\/2020\/04\/img_0471.jpg 768w, https:\/\/mljwiz3ouuzf.i.optimole.com\/cb:-bft.ac1\/w:225\/h:300\/q:mauto\/ig:avif\/https:\/\/filmantrop.no\/omd\/wp-content\/uploads\/2020\/04\/img_0471.jpg 225w, https:\/\/mljwiz3ouuzf.i.optimole.com\/cb:-bft.ac1\/w:810\/h:1080\/q:mauto\/ig:avif\/https:\/\/filmantrop.no\/omd\/wp-content\/uploads\/2020\/04\/img_0471.jpg 1152w, https:\/\/mljwiz3ouuzf.i.optimole.com\/cb:-bft.ac1\/w:810\/h:1080\/q:mauto\/ig:avif\/https:\/\/filmantrop.no\/omd\/wp-content\/uploads\/2020\/04\/img_0471.jpg 1500w\" sizes=\"(max-width: 768px) 100vw, 768px\" \/><\/a><\/figure><\/li><li class=\"blocks-gallery-item\"><figure><a href=\"https:\/\/mljwiz3ouuzf.i.optimole.com\/cb:-bft.ac1\/w:auto\/h:auto\/q:mauto\/ig:avif\/https:\/\/filmantrop.no\/omd\/wp-content\/uploads\/2020\/04\/img_0469.jpg\"><img data-opt-id=500971883  data-opt-src=\"https:\/\/mljwiz3ouuzf.i.optimole.com\/cb:-bft.ac1\/w:768\/h:1024\/q:mauto\/ig:avif\/https:\/\/filmantrop.no\/omd\/wp-content\/uploads\/2020\/04\/img_0469.jpg\"  decoding=\"async\" width=\"768\" height=\"1024\" src=\"data:image/svg+xml,%3Csvg%20viewBox%3D%220%200%20768%201024%22%20width%3D%22768%22%20height%3D%221024%22%20xmlns%3D%22http%3A%2F%2Fwww.w3.org%2F2000%2Fsvg%22%3E%3Crect%20width%3D%22768%22%20height%3D%221024%22%20fill%3D%22transparent%22%2F%3E%3C%2Fsvg%3E\" alt=\"\" data-id=\"641\" data-full-url=\"https:\/\/mljwiz3ouuzf.i.optimole.com\/cb:-bft.ac1\/w:auto\/h:auto\/q:mauto\/ig:avif\/https:\/\/filmantrop.no\/omd\/wp-content\/uploads\/2020\/04\/img_0469.jpg\" data-link=\"https:\/\/filmantrop.no\/omd\/img_0469-jpg\/\" class=\"wp-image-641\" old-srcset=\"https:\/\/mljwiz3ouuzf.i.optimole.com\/cb:-bft.ac1\/w:768\/h:1024\/q:mauto\/ig:avif\/https:\/\/filmantrop.no\/omd\/wp-content\/uploads\/2020\/04\/img_0469.jpg 768w, https:\/\/mljwiz3ouuzf.i.optimole.com\/cb:-bft.ac1\/w:225\/h:300\/q:mauto\/ig:avif\/https:\/\/filmantrop.no\/omd\/wp-content\/uploads\/2020\/04\/img_0469.jpg 225w, https:\/\/mljwiz3ouuzf.i.optimole.com\/cb:-bft.ac1\/w:810\/h:1080\/q:mauto\/ig:avif\/https:\/\/filmantrop.no\/omd\/wp-content\/uploads\/2020\/04\/img_0469.jpg 1152w, https:\/\/mljwiz3ouuzf.i.optimole.com\/cb:-bft.ac1\/w:810\/h:1080\/q:mauto\/ig:avif\/https:\/\/filmantrop.no\/omd\/wp-content\/uploads\/2020\/04\/img_0469.jpg 1500w\" \/><\/a><\/figure><\/li><li class=\"blocks-gallery-item\"><figure><a href=\"https:\/\/mljwiz3ouuzf.i.optimole.com\/cb:-bft.ac1\/w:auto\/h:auto\/q:mauto\/ig:avif\/https:\/\/filmantrop.no\/omd\/wp-content\/uploads\/2020\/04\/img_0472.jpg\"><img data-opt-id=594849242  data-opt-src=\"https:\/\/mljwiz3ouuzf.i.optimole.com\/cb:-bft.ac1\/w:768\/h:1024\/q:mauto\/ig:avif\/https:\/\/filmantrop.no\/omd\/wp-content\/uploads\/2020\/04\/img_0472.jpg\"  decoding=\"async\" width=\"768\" height=\"1024\" src=\"data:image/svg+xml,%3Csvg%20viewBox%3D%220%200%20768%201024%22%20width%3D%22768%22%20height%3D%221024%22%20xmlns%3D%22http%3A%2F%2Fwww.w3.org%2F2000%2Fsvg%22%3E%3Crect%20width%3D%22768%22%20height%3D%221024%22%20fill%3D%22transparent%22%2F%3E%3C%2Fsvg%3E\" alt=\"\" data-id=\"637\" data-full-url=\"https:\/\/mljwiz3ouuzf.i.optimole.com\/cb:-bft.ac1\/w:auto\/h:auto\/q:mauto\/ig:avif\/https:\/\/filmantrop.no\/omd\/wp-content\/uploads\/2020\/04\/img_0472.jpg\" data-link=\"https:\/\/filmantrop.no\/omd\/img_0472-jpg\/\" class=\"wp-image-637\" old-srcset=\"https:\/\/mljwiz3ouuzf.i.optimole.com\/cb:-bft.ac1\/w:768\/h:1024\/q:mauto\/ig:avif\/https:\/\/filmantrop.no\/omd\/wp-content\/uploads\/2020\/04\/img_0472.jpg 768w, https:\/\/mljwiz3ouuzf.i.optimole.com\/cb:-bft.ac1\/w:225\/h:300\/q:mauto\/ig:avif\/https:\/\/filmantrop.no\/omd\/wp-content\/uploads\/2020\/04\/img_0472.jpg 225w, https:\/\/mljwiz3ouuzf.i.optimole.com\/cb:-bft.ac1\/w:810\/h:1080\/q:mauto\/ig:avif\/https:\/\/filmantrop.no\/omd\/wp-content\/uploads\/2020\/04\/img_0472.jpg 1152w, https:\/\/mljwiz3ouuzf.i.optimole.com\/cb:-bft.ac1\/w:810\/h:1080\/q:mauto\/ig:avif\/https:\/\/filmantrop.no\/omd\/wp-content\/uploads\/2020\/04\/img_0472.jpg 1500w\" \/><\/a><\/figure><\/li><li class=\"blocks-gallery-item\"><figure><a href=\"https:\/\/mljwiz3ouuzf.i.optimole.com\/cb:-bft.ac1\/w:auto\/h:auto\/q:mauto\/ig:avif\/https:\/\/filmantrop.no\/omd\/wp-content\/uploads\/2020\/04\/D4AB4721-761F-498A-AC46-4FAC78F79119-scaled.jpeg\"><img data-opt-id=1819072979  data-opt-src=\"https:\/\/mljwiz3ouuzf.i.optimole.com\/cb:-bft.ac1\/w:1024\/h:768\/q:mauto\/ig:avif\/https:\/\/filmantrop.no\/omd\/wp-content\/uploads\/2020\/04\/D4AB4721-761F-498A-AC46-4FAC78F79119.jpeg\"  decoding=\"async\" width=\"1024\" height=\"768\" src=\"data:image/svg+xml,%3Csvg%20viewBox%3D%220%200%201024%20768%22%20width%3D%221024%22%20height%3D%22768%22%20xmlns%3D%22http%3A%2F%2Fwww.w3.org%2F2000%2Fsvg%22%3E%3Crect%20width%3D%221024%22%20height%3D%22768%22%20fill%3D%22transparent%22%2F%3E%3C%2Fsvg%3E\" alt=\"\" data-id=\"617\" data-full-url=\"https:\/\/mljwiz3ouuzf.i.optimole.com\/cb:-bft.ac1\/w:auto\/h:auto\/q:mauto\/ig:avif\/https:\/\/filmantrop.no\/omd\/wp-content\/uploads\/2020\/04\/D4AB4721-761F-498A-AC46-4FAC78F79119-scaled.jpeg\" data-link=\"https:\/\/filmantrop.no\/omd\/2020\/04\/04\/oppussing-av-en-jarl-damesykkel-fra-gartland-steinkjer\/d4ab4721-761f-498a-ac46-4fac78f79119\/\" class=\"wp-image-617\" old-srcset=\"https:\/\/mljwiz3ouuzf.i.optimole.com\/cb:-bft.ac1\/w:1024\/h:768\/q:mauto\/ig:avif\/https:\/\/filmantrop.no\/omd\/wp-content\/uploads\/2020\/04\/D4AB4721-761F-498A-AC46-4FAC78F79119-scaled.jpeg 1024w, https:\/\/mljwiz3ouuzf.i.optimole.com\/cb:-bft.ac1\/w:300\/h:225\/q:mauto\/ig:avif\/https:\/\/filmantrop.no\/omd\/wp-content\/uploads\/2020\/04\/D4AB4721-761F-498A-AC46-4FAC78F79119-scaled.jpeg 300w, https:\/\/mljwiz3ouuzf.i.optimole.com\/cb:-bft.ac1\/w:768\/h:576\/q:mauto\/ig:avif\/https:\/\/filmantrop.no\/omd\/wp-content\/uploads\/2020\/04\/D4AB4721-761F-498A-AC46-4FAC78F79119-scaled.jpeg 768w, https:\/\/mljwiz3ouuzf.i.optimole.com\/cb:-bft.ac1\/w:1440\/h:1080\/q:mauto\/ig:avif\/https:\/\/filmantrop.no\/omd\/wp-content\/uploads\/2020\/04\/D4AB4721-761F-498A-AC46-4FAC78F79119-scaled.jpeg 1536w, https:\/\/mljwiz3ouuzf.i.optimole.com\/cb:-bft.ac1\/w:1440\/h:1080\/q:mauto\/ig:avif\/https:\/\/filmantrop.no\/omd\/wp-content\/uploads\/2020\/04\/D4AB4721-761F-498A-AC46-4FAC78F79119-scaled.jpeg 2048w\" \/><\/a><\/figure><\/li><li class=\"blocks-gallery-item\"><figure><a href=\"https:\/\/mljwiz3ouuzf.i.optimole.com\/cb:-bft.ac1\/w:auto\/h:auto\/q:mauto\/ig:avif\/https:\/\/filmantrop.no\/omd\/wp-content\/uploads\/2020\/04\/3819F043-C692-493B-BA83-9BC5C3BACF21.jpeg\"><img data-opt-id=1664049932  data-opt-src=\"https:\/\/mljwiz3ouuzf.i.optimole.com\/cb:-bft.ac1\/w:553\/h:1024\/q:mauto\/ig:avif\/https:\/\/filmantrop.no\/omd\/wp-content\/uploads\/2020\/04\/3819F043-C692-493B-BA83-9BC5C3BACF21.jpeg\"  decoding=\"async\" width=\"553\" height=\"1024\" src=\"data:image/svg+xml,%3Csvg%20viewBox%3D%220%200%20553%201024%22%20width%3D%22553%22%20height%3D%221024%22%20xmlns%3D%22http%3A%2F%2Fwww.w3.org%2F2000%2Fsvg%22%3E%3Crect%20width%3D%22553%22%20height%3D%221024%22%20fill%3D%22transparent%22%2F%3E%3C%2Fsvg%3E\" alt=\"\" data-id=\"619\" data-full-url=\"https:\/\/mljwiz3ouuzf.i.optimole.com\/cb:-bft.ac1\/w:auto\/h:auto\/q:mauto\/ig:avif\/https:\/\/filmantrop.no\/omd\/wp-content\/uploads\/2020\/04\/3819F043-C692-493B-BA83-9BC5C3BACF21.jpeg\" data-link=\"https:\/\/filmantrop.no\/omd\/steinkjer-sykkelhistorie\/3819f043-c692-493b-ba83-9bc5c3bacf21\/\" class=\"wp-image-619\" old-srcset=\"https:\/\/mljwiz3ouuzf.i.optimole.com\/cb:-bft.ac1\/w:553\/h:1024\/q:mauto\/ig:avif\/https:\/\/filmantrop.no\/omd\/wp-content\/uploads\/2020\/04\/3819F043-C692-493B-BA83-9BC5C3BACF21.jpeg 553w, https:\/\/mljwiz3ouuzf.i.optimole.com\/cb:-bft.ac1\/w:162\/h:300\/q:mauto\/ig:avif\/https:\/\/filmantrop.no\/omd\/wp-content\/uploads\/2020\/04\/3819F043-C692-493B-BA83-9BC5C3BACF21.jpeg 162w, https:\/\/mljwiz3ouuzf.i.optimole.com\/cb:-bft.ac1\/w:582\/h:1080\/q:mauto\/ig:avif\/https:\/\/filmantrop.no\/omd\/wp-content\/uploads\/2020\/04\/3819F043-C692-493B-BA83-9BC5C3BACF21.jpeg 768w, https:\/\/mljwiz3ouuzf.i.optimole.com\/cb:-bft.ac1\/w:582\/h:1080\/q:mauto\/ig:avif\/https:\/\/filmantrop.no\/omd\/wp-content\/uploads\/2020\/04\/3819F043-C692-493B-BA83-9BC5C3BACF21.jpeg 829w, https:\/\/mljwiz3ouuzf.i.optimole.com\/cb:-bft.ac1\/w:583\/h:1080\/q:mauto\/ig:avif\/https:\/\/filmantrop.no\/omd\/wp-content\/uploads\/2020\/04\/3819F043-C692-493B-BA83-9BC5C3BACF21.jpeg 949w\" \/><\/a><\/figure><\/li><\/ul><\/figure>\n","protected":false},"excerpt":{"rendered":"<p>Nr 2-2020 Merke: Jarl, O. Gartland, Steinkjer Modell: Dame turist Fabrikant: Jonas \u00d8gl\u00e6nd Rammenummer: 1361555 \u00c5rsmodell: 1954 Vekt: 14,8 kg St\u00f8rrelse: 22&#8243; = 56 cm Dekk: 28 x 1 5\/8 x 1 1\/2 = 44-635 mm Nav: J\u00d8S 90 mm trommelbremsenavn foran, bak Torpedo frinav med pedalbrems Annet: Dessverre en knekk i rammen. Manglet forhjul,&hellip;&nbsp;<a href=\"https:\/\/filmantrop.no\/omd\/mine-steinkjer-sykler\/jarl-1954-gartland\/\" rel=\"bookmark\">Les mer &raquo;<span class=\"screen-reader-text\">\u00abJarl\u00bb (1954), Gartland<\/span><\/a><\/p>\n","protected":false},"author":1,"featured_media":0,"parent":31,"menu_order":0,"comment_status":"closed","ping_status":"closed","template":"","meta":{"neve_meta_sidebar":"","neve_meta_container":"","neve_meta_enable_content_width":"on","neve_meta_content_width":0,"neve_meta_title_alignment":"","neve_meta_author_avatar":"","neve_post_elements_order":"","neve_meta_disable_header":"","neve_meta_disable_footer":"","neve_meta_disable_title":"","_themeisle_gutenberg_block_has_review":false,"footnotes":""},"categories":[],"tags":[],"class_list":["post-1096","page","type-page","status-publish","hentry"],"_links":{"self":[{"href":"https:\/\/filmantrop.no\/omd\/wp-json\/wp\/v2\/pages\/1096","targetHints":{"allow":["GET"]}}],"collection":[{"href":"https:\/\/filmantrop.no\/omd\/wp-json\/wp\/v2\/pages"}],"about":[{"href":"https:\/\/filmantrop.no\/omd\/wp-json\/wp\/v2\/types\/page"}],"author":[{"embeddable":true,"href":"https:\/\/filmantrop.no\/omd\/wp-json\/wp\/v2\/users\/1"}],"replies":[{"embeddable":true,"href":"https:\/\/filmantrop.no\/omd\/wp-json\/wp\/v2\/comments?post=1096"}],"version-history":[{"count":2,"href":"https:\/\/filmantrop.no\/omd\/wp-json\/wp\/v2\/pages\/1096\/revisions"}],"predecessor-version":[{"id":1145,"href":"https:\/\/filmantrop.no\/omd\/wp-json\/wp\/v2\/pages\/1096\/revisions\/1145"}],"up":[{"embeddable":true,"href":"https:\/\/filmantrop.no\/omd\/wp-json\/wp\/v2\/pages\/31"}],"wp:attachment":[{"href":"https:\/\/filmantrop.no\/omd\/wp-json\/wp\/v2\/media?parent=1096"}],"wp:term":[{"taxonomy":"category","embeddable":true,"href":"https:\/\/filmantrop.no\/omd\/wp-json\/wp\/v2\/categories?post=1096"},{"taxonomy":"post_tag","embeddable":true,"href":"https:\/\/filmantrop.no\/omd\/wp-json\/wp\/v2\/tags?post=1096"}],"curies":[{"name":"wp","href":"https:\/\/api.w.org\/{rel}","templated":true}]}}