{"id":1098,"date":"2020-08-03T09:50:56","date_gmt":"2020-08-03T07:50:56","guid":{"rendered":"https:\/\/filmantrop.no\/omd\/?page_id=1098"},"modified":"2022-06-13T07:52:46","modified_gmt":"2022-06-13T05:52:46","slug":"rapp-ca-1922-sivertsen-sollie","status":"publish","type":"page","link":"https:\/\/filmantrop.no\/omd\/mine-steinkjer-sykler\/rapp-ca-1922-sivertsen-sollie\/","title":{"rendered":"\u00abRapp\u00bb (ca 1922), Sivertsen &#038; Sollie"},"content":{"rendered":"\n<figure class=\"wp-block-image size-large\"><img data-opt-id=1956101962  fetchpriority=\"high\" decoding=\"async\" width=\"1024\" height=\"682\" src=\"https:\/\/mljwiz3ouuzf.i.optimole.com\/cb:-bft.ac1\/w:1024\/h:682\/q:mauto\/ig:avif\/https:\/\/filmantrop.no\/omd\/wp-content\/uploads\/2020\/03\/7FB54B9F-17AC-47E4-AC97-15C800B9FB9B.jpeg\" alt=\"Rapp, Sivertsen &amp; Sollie, Steinkjer ca 1922\" class=\"wp-image-106\" srcset=\"https:\/\/mljwiz3ouuzf.i.optimole.com\/cb:-bft.ac1\/w:1024\/h:682\/q:mauto\/ig:avif\/https:\/\/filmantrop.no\/omd\/wp-content\/uploads\/2020\/03\/7FB54B9F-17AC-47E4-AC97-15C800B9FB9B.jpeg 1024w, https:\/\/mljwiz3ouuzf.i.optimole.com\/cb:-bft.ac1\/w:300\/h:200\/q:mauto\/ig:avif\/https:\/\/filmantrop.no\/omd\/wp-content\/uploads\/2020\/03\/7FB54B9F-17AC-47E4-AC97-15C800B9FB9B.jpeg 300w, https:\/\/mljwiz3ouuzf.i.optimole.com\/cb:-bft.ac1\/w:768\/h:512\/q:mauto\/ig:avif\/https:\/\/filmantrop.no\/omd\/wp-content\/uploads\/2020\/03\/7FB54B9F-17AC-47E4-AC97-15C800B9FB9B.jpeg 768w, https:\/\/mljwiz3ouuzf.i.optimole.com\/cb:-bft.ac1\/w:1536\/h:1024\/q:mauto\/ig:avif\/https:\/\/filmantrop.no\/omd\/wp-content\/uploads\/2020\/03\/7FB54B9F-17AC-47E4-AC97-15C800B9FB9B.jpeg 1536w, https:\/\/mljwiz3ouuzf.i.optimole.com\/cb:-bft.ac1\/w:930\/h:620\/q:mauto\/ig:avif\/https:\/\/filmantrop.no\/omd\/wp-content\/uploads\/2020\/03\/7FB54B9F-17AC-47E4-AC97-15C800B9FB9B.jpeg 930w, https:\/\/mljwiz3ouuzf.i.optimole.com\/cb:-bft.ac1\/w:1620\/h:1080\/q:mauto\/ig:avif\/https:\/\/filmantrop.no\/omd\/wp-content\/uploads\/2020\/03\/7FB54B9F-17AC-47E4-AC97-15C800B9FB9B.jpeg 1772w\" sizes=\"(max-width: 1024px) 100vw, 1024px\" \/><\/figure>\n\n\n\n<ul class=\"ticss-798bf7a6 wp-block-list\"><li>Nr 46-2019<\/li><li>Merke: Rapp<\/li><li>Modell: Herre turist<\/li><li>Fabrikant: Sivertsen &amp; Sollie, Stenkj\u00e6r<\/li><li>Rammenummer: <\/li><li>\u00c5rsmodell: ca 1922. Produsenten drev sykkelforretning fra 1919-1924.<\/li><li>St\u00f8rrelse:<\/li><li>Vekt:<\/li><li>Dekk: 28 x 1 <sup>1<\/sup>\/<sub>2<\/sub> = 44-635<\/li><li>Nav: New Departure foran, bak (New Departure?) nav med Perry frikrans<\/li><li>Annet: Kom &laquo;hjem&raquo; til Steinkjer fra Mo i Rana, der den har v\u00e6rt i bruk p\u00e5 en g\u00e5rd langt oppe i en dal. Overtatt fra Svein Ove Sakrihei, Mo.<\/li><\/ul>\n\n\n\n<figure class=\"wp-block-gallery has-nested-images columns-default is-cropped wp-block-gallery-1 is-layout-flex wp-block-gallery-is-layout-flex\">\n<figure class=\"wp-block-image size-large\"><a href=\"https:\/\/mljwiz3ouuzf.i.optimole.com\/cb:-bft.ac1\/w:auto\/h:auto\/q:mauto\/ig:avif\/https:\/\/filmantrop.no\/omd\/wp-content\/uploads\/2020\/03\/D761D8A4-4423-4CF0-8608-5DA977317914.jpeg\"><img data-opt-id=525062384  fetchpriority=\"high\" decoding=\"async\" width=\"1024\" height=\"682\" data-id=\"107\" src=\"https:\/\/mljwiz3ouuzf.i.optimole.com\/cb:-bft.ac1\/w:1024\/h:682\/q:mauto\/ig:avif\/https:\/\/filmantrop.no\/omd\/wp-content\/uploads\/2020\/03\/D761D8A4-4423-4CF0-8608-5DA977317914.jpeg\" alt=\"\" class=\"wp-image-107\" srcset=\"https:\/\/mljwiz3ouuzf.i.optimole.com\/cb:-bft.ac1\/w:1024\/h:682\/q:mauto\/ig:avif\/https:\/\/filmantrop.no\/omd\/wp-content\/uploads\/2020\/03\/D761D8A4-4423-4CF0-8608-5DA977317914.jpeg 1024w, https:\/\/mljwiz3ouuzf.i.optimole.com\/cb:-bft.ac1\/w:300\/h:200\/q:mauto\/ig:avif\/https:\/\/filmantrop.no\/omd\/wp-content\/uploads\/2020\/03\/D761D8A4-4423-4CF0-8608-5DA977317914.jpeg 300w, https:\/\/mljwiz3ouuzf.i.optimole.com\/cb:-bft.ac1\/w:768\/h:512\/q:mauto\/ig:avif\/https:\/\/filmantrop.no\/omd\/wp-content\/uploads\/2020\/03\/D761D8A4-4423-4CF0-8608-5DA977317914.jpeg 768w, https:\/\/mljwiz3ouuzf.i.optimole.com\/cb:-bft.ac1\/w:1536\/h:1024\/q:mauto\/ig:avif\/https:\/\/filmantrop.no\/omd\/wp-content\/uploads\/2020\/03\/D761D8A4-4423-4CF0-8608-5DA977317914.jpeg 1536w, https:\/\/mljwiz3ouuzf.i.optimole.com\/cb:-bft.ac1\/w:930\/h:620\/q:mauto\/ig:avif\/https:\/\/filmantrop.no\/omd\/wp-content\/uploads\/2020\/03\/D761D8A4-4423-4CF0-8608-5DA977317914.jpeg 930w, https:\/\/mljwiz3ouuzf.i.optimole.com\/cb:-bft.ac1\/w:1620\/h:1080\/q:mauto\/ig:avif\/https:\/\/filmantrop.no\/omd\/wp-content\/uploads\/2020\/03\/D761D8A4-4423-4CF0-8608-5DA977317914.jpeg 1772w\" sizes=\"(max-width: 1024px) 100vw, 1024px\" \/><\/a><figcaption><em>Bilde l\u00e5nt fra Svein Ove Sakrihei<\/em><\/figcaption><\/figure>\n\n\n\n<figure class=\"wp-block-image size-large\"><a href=\"https:\/\/mljwiz3ouuzf.i.optimole.com\/cb:-bft.ac1\/w:auto\/h:auto\/q:mauto\/ig:avif\/https:\/\/filmantrop.no\/omd\/wp-content\/uploads\/2020\/03\/C941B53C-B552-42BB-A895-B29F38B2C5B2.jpeg\"><img data-opt-id=895832247  data-opt-src=\"https:\/\/mljwiz3ouuzf.i.optimole.com\/cb:-bft.ac1\/w:1024\/h:681\/q:mauto\/ig:avif\/https:\/\/filmantrop.no\/omd\/wp-content\/uploads\/2020\/03\/C941B53C-B552-42BB-A895-B29F38B2C5B2.jpeg\"  decoding=\"async\" width=\"1024\" height=\"681\" data-id=\"108\" src=\"data:image/svg+xml,%3Csvg%20viewBox%3D%220%200%201024%20681%22%20width%3D%221024%22%20height%3D%22681%22%20xmlns%3D%22http%3A%2F%2Fwww.w3.org%2F2000%2Fsvg%22%3E%3Crect%20width%3D%221024%22%20height%3D%22681%22%20fill%3D%22transparent%22%2F%3E%3C%2Fsvg%3E\" alt=\"\" class=\"wp-image-108\" old-srcset=\"https:\/\/mljwiz3ouuzf.i.optimole.com\/cb:-bft.ac1\/w:1024\/h:681\/q:mauto\/ig:avif\/https:\/\/filmantrop.no\/omd\/wp-content\/uploads\/2020\/03\/C941B53C-B552-42BB-A895-B29F38B2C5B2.jpeg 1024w, https:\/\/mljwiz3ouuzf.i.optimole.com\/cb:-bft.ac1\/w:300\/h:199\/q:mauto\/ig:avif\/https:\/\/filmantrop.no\/omd\/wp-content\/uploads\/2020\/03\/C941B53C-B552-42BB-A895-B29F38B2C5B2.jpeg 300w, https:\/\/mljwiz3ouuzf.i.optimole.com\/cb:-bft.ac1\/w:768\/h:510\/q:mauto\/ig:avif\/https:\/\/filmantrop.no\/omd\/wp-content\/uploads\/2020\/03\/C941B53C-B552-42BB-A895-B29F38B2C5B2.jpeg 768w, https:\/\/mljwiz3ouuzf.i.optimole.com\/cb:-bft.ac1\/w:1536\/h:1021\/q:mauto\/ig:avif\/https:\/\/filmantrop.no\/omd\/wp-content\/uploads\/2020\/03\/C941B53C-B552-42BB-A895-B29F38B2C5B2.jpeg 1536w, https:\/\/mljwiz3ouuzf.i.optimole.com\/cb:-bft.ac1\/w:1625\/h:1080\/q:mauto\/ig:avif\/https:\/\/filmantrop.no\/omd\/wp-content\/uploads\/2020\/03\/C941B53C-B552-42BB-A895-B29F38B2C5B2.jpeg 2048w\" \/><\/a><figcaption><em>Bilde l\u00e5nt fra Svein Ove Sakrihei<\/em><\/figcaption><\/figure>\n\n\n\n<figure class=\"wp-block-image size-large\"><a href=\"https:\/\/mljwiz3ouuzf.i.optimole.com\/cb:-bft.ac1\/w:auto\/h:auto\/q:mauto\/ig:avif\/https:\/\/filmantrop.no\/omd\/wp-content\/uploads\/2020\/03\/4C4D74E2-720C-4A82-9BF6-C18C2F0CEFE2.jpeg\"><img data-opt-id=55514029  data-opt-src=\"https:\/\/mljwiz3ouuzf.i.optimole.com\/cb:-bft.ac1\/w:680\/h:1024\/q:mauto\/ig:avif\/https:\/\/filmantrop.no\/omd\/wp-content\/uploads\/2020\/03\/4C4D74E2-720C-4A82-9BF6-C18C2F0CEFE2.jpeg\"  decoding=\"async\" width=\"680\" height=\"1024\" data-id=\"109\" src=\"data:image/svg+xml,%3Csvg%20viewBox%3D%220%200%20680%201024%22%20width%3D%22680%22%20height%3D%221024%22%20xmlns%3D%22http%3A%2F%2Fwww.w3.org%2F2000%2Fsvg%22%3E%3Crect%20width%3D%22680%22%20height%3D%221024%22%20fill%3D%22transparent%22%2F%3E%3C%2Fsvg%3E\" alt=\"\" class=\"wp-image-109\" old-srcset=\"https:\/\/mljwiz3ouuzf.i.optimole.com\/cb:-bft.ac1\/w:680\/h:1024\/q:mauto\/ig:avif\/https:\/\/filmantrop.no\/omd\/wp-content\/uploads\/2020\/03\/4C4D74E2-720C-4A82-9BF6-C18C2F0CEFE2.jpeg 680w, https:\/\/mljwiz3ouuzf.i.optimole.com\/cb:-bft.ac1\/w:199\/h:300\/q:mauto\/ig:avif\/https:\/\/filmantrop.no\/omd\/wp-content\/uploads\/2020\/03\/4C4D74E2-720C-4A82-9BF6-C18C2F0CEFE2.jpeg 199w, https:\/\/mljwiz3ouuzf.i.optimole.com\/cb:-bft.ac1\/w:717\/h:1080\/q:mauto\/ig:avif\/https:\/\/filmantrop.no\/omd\/wp-content\/uploads\/2020\/03\/4C4D74E2-720C-4A82-9BF6-C18C2F0CEFE2.jpeg 768w, https:\/\/mljwiz3ouuzf.i.optimole.com\/cb:-bft.ac1\/w:717\/h:1080\/q:mauto\/ig:avif\/https:\/\/filmantrop.no\/omd\/wp-content\/uploads\/2020\/03\/4C4D74E2-720C-4A82-9BF6-C18C2F0CEFE2.jpeg 779w\" \/><\/a><figcaption><em>Bilde l\u00e5nt fra Svein Ove Sakrihei<\/em><\/figcaption><\/figure>\n\n\n\n<figure class=\"wp-block-image size-large\"><a href=\"https:\/\/mljwiz3ouuzf.i.optimole.com\/cb:-bft.ac1\/w:auto\/h:auto\/q:mauto\/ig:avif\/https:\/\/filmantrop.no\/omd\/wp-content\/uploads\/2020\/04\/80432469_2625904300851025_3773489606918406144_n.jpg\"><img data-opt-id=348859566  data-opt-src=\"https:\/\/mljwiz3ouuzf.i.optimole.com\/cb:-bft.ac1\/w:auto\/h:auto\/q:mauto\/ig:avif\/https:\/\/filmantrop.no\/omd\/wp-content\/uploads\/2020\/04\/80432469_2625904300851025_3773489606918406144_n.jpg\"  decoding=\"async\" width=\"720\" height=\"960\" data-id=\"496\" src=\"data:image/svg+xml,%3Csvg%20viewBox%3D%220%200%20100%%20100%%22%20width%3D%22100%%22%20height%3D%22100%%22%20xmlns%3D%22http%3A%2F%2Fwww.w3.org%2F2000%2Fsvg%22%3E%3Crect%20width%3D%22100%%22%20height%3D%22100%%22%20fill%3D%22transparent%22%2F%3E%3C%2Fsvg%3E\" alt=\"\" class=\"wp-image-496\" old-srcset=\"https:\/\/mljwiz3ouuzf.i.optimole.com\/cb:-bft.ac1\/w:720\/h:960\/q:mauto\/ig:avif\/https:\/\/filmantrop.no\/omd\/wp-content\/uploads\/2020\/04\/80432469_2625904300851025_3773489606918406144_n.jpg 720w, https:\/\/mljwiz3ouuzf.i.optimole.com\/cb:-bft.ac1\/w:225\/h:300\/q:mauto\/ig:avif\/https:\/\/filmantrop.no\/omd\/wp-content\/uploads\/2020\/04\/80432469_2625904300851025_3773489606918406144_n.jpg 225w\" \/><\/a><figcaption>Engelsk Perry frikrans<\/figcaption><\/figure>\n\n\n\n<figure class=\"wp-block-image size-large\"><a href=\"https:\/\/mljwiz3ouuzf.i.optimole.com\/cb:-bft.ac1\/w:auto\/h:auto\/q:mauto\/ig:avif\/https:\/\/filmantrop.no\/omd\/wp-content\/uploads\/2020\/04\/70087636_2396426460465478_3671631859038552064_n.jpg\"><img data-opt-id=2128117055  data-opt-src=\"https:\/\/mljwiz3ouuzf.i.optimole.com\/cb:-bft.ac1\/w:auto\/h:auto\/q:mauto\/ig:avif\/https:\/\/filmantrop.no\/omd\/wp-content\/uploads\/2020\/04\/70087636_2396426460465478_3671631859038552064_n.jpg\"  decoding=\"async\" width=\"960\" height=\"720\" data-id=\"497\" src=\"data:image/svg+xml,%3Csvg%20viewBox%3D%220%200%20100%%20100%%22%20width%3D%22100%%22%20height%3D%22100%%22%20xmlns%3D%22http%3A%2F%2Fwww.w3.org%2F2000%2Fsvg%22%3E%3Crect%20width%3D%22100%%22%20height%3D%22100%%22%20fill%3D%22transparent%22%2F%3E%3C%2Fsvg%3E\" alt=\"\" class=\"wp-image-497\" old-srcset=\"https:\/\/mljwiz3ouuzf.i.optimole.com\/cb:-bft.ac1\/w:960\/h:720\/q:mauto\/ig:avif\/https:\/\/filmantrop.no\/omd\/wp-content\/uploads\/2020\/04\/70087636_2396426460465478_3671631859038552064_n.jpg 960w, https:\/\/mljwiz3ouuzf.i.optimole.com\/cb:-bft.ac1\/w:300\/h:225\/q:mauto\/ig:avif\/https:\/\/filmantrop.no\/omd\/wp-content\/uploads\/2020\/04\/70087636_2396426460465478_3671631859038552064_n.jpg 300w, https:\/\/mljwiz3ouuzf.i.optimole.com\/cb:-bft.ac1\/w:768\/h:576\/q:mauto\/ig:avif\/https:\/\/filmantrop.no\/omd\/wp-content\/uploads\/2020\/04\/70087636_2396426460465478_3671631859038552064_n.jpg 768w\" \/><\/a><figcaption>Det skimtes gr\u00f8nn og gull staffering her og der<\/figcaption><\/figure>\n<\/figure>\n","protected":false},"excerpt":{"rendered":"<p>Nr 46-2019 Merke: Rapp Modell: Herre turist Fabrikant: Sivertsen &amp; Sollie, Stenkj\u00e6r Rammenummer: \u00c5rsmodell: ca 1922. Produsenten drev sykkelforretning fra 1919-1924. St\u00f8rrelse: Vekt: Dekk: 28 x 1 1\/2 = 44-635 Nav: New Departure foran, bak (New Departure?) nav med Perry frikrans Annet: Kom &laquo;hjem&raquo; til Steinkjer fra Mo i Rana, der den har v\u00e6rt i&hellip;&nbsp;<a href=\"https:\/\/filmantrop.no\/omd\/mine-steinkjer-sykler\/rapp-ca-1922-sivertsen-sollie\/\" rel=\"bookmark\">Les mer &raquo;<span class=\"screen-reader-text\">\u00abRapp\u00bb (ca 1922), Sivertsen &#038; Sollie<\/span><\/a><\/p>\n","protected":false},"author":1,"featured_media":0,"parent":31,"menu_order":0,"comment_status":"closed","ping_status":"closed","template":"","meta":{"neve_meta_sidebar":"","neve_meta_container":"","neve_meta_enable_content_width":"on","neve_meta_content_width":70,"neve_meta_title_alignment":"","neve_meta_author_avatar":"","neve_post_elements_order":"","neve_meta_disable_header":"","neve_meta_disable_footer":"","neve_meta_disable_title":"","_themeisle_gutenberg_block_has_review":false,"footnotes":""},"categories":[],"tags":[],"class_list":["post-1098","page","type-page","status-publish","hentry"],"_links":{"self":[{"href":"https:\/\/filmantrop.no\/omd\/wp-json\/wp\/v2\/pages\/1098","targetHints":{"allow":["GET"]}}],"collection":[{"href":"https:\/\/filmantrop.no\/omd\/wp-json\/wp\/v2\/pages"}],"about":[{"href":"https:\/\/filmantrop.no\/omd\/wp-json\/wp\/v2\/types\/page"}],"author":[{"embeddable":true,"href":"https:\/\/filmantrop.no\/omd\/wp-json\/wp\/v2\/users\/1"}],"replies":[{"embeddable":true,"href":"https:\/\/filmantrop.no\/omd\/wp-json\/wp\/v2\/comments?post=1098"}],"version-history":[{"count":8,"href":"https:\/\/filmantrop.no\/omd\/wp-json\/wp\/v2\/pages\/1098\/revisions"}],"predecessor-version":[{"id":2594,"href":"https:\/\/filmantrop.no\/omd\/wp-json\/wp\/v2\/pages\/1098\/revisions\/2594"}],"up":[{"embeddable":true,"href":"https:\/\/filmantrop.no\/omd\/wp-json\/wp\/v2\/pages\/31"}],"wp:attachment":[{"href":"https:\/\/filmantrop.no\/omd\/wp-json\/wp\/v2\/media?parent=1098"}],"wp:term":[{"taxonomy":"category","embeddable":true,"href":"https:\/\/filmantrop.no\/omd\/wp-json\/wp\/v2\/categories?post=1098"},{"taxonomy":"post_tag","embeddable":true,"href":"https:\/\/filmantrop.no\/omd\/wp-json\/wp\/v2\/tags?post=1098"}],"curies":[{"name":"wp","href":"https:\/\/api.w.org\/{rel}","templated":true}]}}