{"id":1100,"date":"2020-08-03T09:51:41","date_gmt":"2020-08-03T07:51:41","guid":{"rendered":"https:\/\/filmantrop.no\/omd\/?page_id=1100"},"modified":"2022-05-16T17:02:53","modified_gmt":"2022-05-16T15:02:53","slug":"norge-1938-olaf-ostbys-eftf","status":"publish","type":"page","link":"https:\/\/filmantrop.no\/omd\/mine-steinkjer-sykler\/norge-1938-olaf-ostbys-eftf\/","title":{"rendered":"\u00abNorge\u00bb (1938), Olaf \u00d8stbys eftf."},"content":{"rendered":"\n<figure class=\"wp-block-image size-large\"><img data-opt-id=276181627  fetchpriority=\"high\" decoding=\"async\" width=\"1024\" height=\"768\" src=\"https:\/\/mljwiz3ouuzf.i.optimole.com\/cb:-bft.ac1\/w:1024\/h:768\/q:mauto\/ig:avif\/https:\/\/filmantrop.no\/omd\/wp-content\/uploads\/2020\/03\/936BAF0D-9778-4FCF-9392-461E658C74D9.jpeg\" alt=\"\" class=\"wp-image-179\" srcset=\"https:\/\/mljwiz3ouuzf.i.optimole.com\/cb:-bft.ac1\/w:1024\/h:768\/q:mauto\/ig:avif\/https:\/\/filmantrop.no\/omd\/wp-content\/uploads\/2020\/03\/936BAF0D-9778-4FCF-9392-461E658C74D9-scaled.jpeg 1024w, https:\/\/mljwiz3ouuzf.i.optimole.com\/cb:-bft.ac1\/w:300\/h:225\/q:mauto\/ig:avif\/https:\/\/filmantrop.no\/omd\/wp-content\/uploads\/2020\/03\/936BAF0D-9778-4FCF-9392-461E658C74D9-scaled.jpeg 300w, https:\/\/mljwiz3ouuzf.i.optimole.com\/cb:-bft.ac1\/w:768\/h:576\/q:mauto\/ig:avif\/https:\/\/filmantrop.no\/omd\/wp-content\/uploads\/2020\/03\/936BAF0D-9778-4FCF-9392-461E658C74D9-scaled.jpeg 768w, https:\/\/mljwiz3ouuzf.i.optimole.com\/cb:-bft.ac1\/w:1440\/h:1080\/q:mauto\/ig:avif\/https:\/\/filmantrop.no\/omd\/wp-content\/uploads\/2020\/03\/936BAF0D-9778-4FCF-9392-461E658C74D9-scaled.jpeg 1536w, https:\/\/mljwiz3ouuzf.i.optimole.com\/cb:-bft.ac1\/w:1440\/h:1080\/q:mauto\/ig:avif\/https:\/\/filmantrop.no\/omd\/wp-content\/uploads\/2020\/03\/936BAF0D-9778-4FCF-9392-461E658C74D9-scaled.jpeg 2048w\" sizes=\"(max-width: 1024px) 100vw, 1024px\" \/><\/figure>\n\n\n\n<ul class=\"ticss-62e67b78 wp-block-list\"><li>Nr 26-2019<\/li><li>Merke: Norge<\/li><li>Modell: Herre turist<\/li><li>Fabrikant: Olaf \u00d8stbys eftf., Steinkjer<\/li><li>Rammenummer: 2830<\/li><li>\u00c5rsmodell: 1938<\/li><li>St\u00f8rrelse:<\/li><li>Vekt:<\/li><li>Dekk: 28 x 1 <sup>1<\/sup>\/<sub>2<\/sub> = 40-635<\/li><li>Nav: Torpedo frinav med pedalbrems<\/li><li>Annet: Opprinnelig bukkestyre som ble flyttet til 24-2019. Valgte restaurering til det som opprinnelig hadde v\u00e6rt en dypbl\u00e5 farge. Skjermene var sorte med s\u00f8lv\/aluminium sideskj\u00f8rt. Overtatt fra Frank Mittet, Sparbu.<\/li><\/ul>\n\n\n\n<figure class=\"wp-block-gallery has-nested-images columns-default is-cropped wp-block-gallery-1 is-layout-flex wp-block-gallery-is-layout-flex\">\n<figure class=\"wp-block-image size-large\"><a href=\"https:\/\/mljwiz3ouuzf.i.optimole.com\/cb:-bft.ac1\/w:auto\/h:auto\/q:mauto\/ig:avif\/https:\/\/filmantrop.no\/omd\/wp-content\/uploads\/2020\/03\/73C223FA-BBFC-414C-8765-AD40D876A986.jpeg\"><img data-opt-id=2076906917  fetchpriority=\"high\" decoding=\"async\" width=\"768\" height=\"1024\" data-id=\"131\" src=\"https:\/\/mljwiz3ouuzf.i.optimole.com\/cb:-bft.ac1\/w:768\/h:1024\/q:mauto\/ig:avif\/https:\/\/filmantrop.no\/omd\/wp-content\/uploads\/2020\/03\/73C223FA-BBFC-414C-8765-AD40D876A986.jpeg\" alt=\"\" class=\"wp-image-131\" srcset=\"https:\/\/mljwiz3ouuzf.i.optimole.com\/cb:-bft.ac1\/w:768\/h:1024\/q:mauto\/ig:avif\/https:\/\/filmantrop.no\/omd\/wp-content\/uploads\/2020\/03\/73C223FA-BBFC-414C-8765-AD40D876A986.jpeg 768w, https:\/\/mljwiz3ouuzf.i.optimole.com\/cb:-bft.ac1\/w:225\/h:300\/q:mauto\/ig:avif\/https:\/\/filmantrop.no\/omd\/wp-content\/uploads\/2020\/03\/73C223FA-BBFC-414C-8765-AD40D876A986.jpeg 225w, https:\/\/mljwiz3ouuzf.i.optimole.com\/cb:-bft.ac1\/w:810\/h:1080\/q:mauto\/ig:avif\/https:\/\/filmantrop.no\/omd\/wp-content\/uploads\/2020\/03\/73C223FA-BBFC-414C-8765-AD40D876A986.jpeg 1152w, https:\/\/mljwiz3ouuzf.i.optimole.com\/cb:-bft.ac1\/w:810\/h:1080\/q:mauto\/ig:avif\/https:\/\/filmantrop.no\/omd\/wp-content\/uploads\/2020\/03\/73C223FA-BBFC-414C-8765-AD40D876A986.jpeg 1536w\" sizes=\"(max-width: 768px) 100vw, 768px\" \/><\/a><\/figure>\n\n\n\n<figure class=\"wp-block-image size-large\"><a href=\"https:\/\/mljwiz3ouuzf.i.optimole.com\/cb:-bft.ac1\/w:auto\/h:auto\/q:mauto\/ig:avif\/https:\/\/filmantrop.no\/omd\/wp-content\/uploads\/2020\/03\/CC3279C4-57AF-417F-A55A-822959FBF1A0-scaled.jpeg\"><img data-opt-id=844212569  data-opt-src=\"https:\/\/mljwiz3ouuzf.i.optimole.com\/cb:-bft.ac1\/w:768\/h:1024\/q:mauto\/ig:avif\/https:\/\/filmantrop.no\/omd\/wp-content\/uploads\/2020\/03\/CC3279C4-57AF-417F-A55A-822959FBF1A0.jpeg\"  decoding=\"async\" width=\"768\" height=\"1024\" data-id=\"133\" src=\"data:image/svg+xml,%3Csvg%20viewBox%3D%220%200%20768%201024%22%20width%3D%22768%22%20height%3D%221024%22%20xmlns%3D%22http%3A%2F%2Fwww.w3.org%2F2000%2Fsvg%22%3E%3Crect%20width%3D%22768%22%20height%3D%221024%22%20fill%3D%22transparent%22%2F%3E%3C%2Fsvg%3E\" alt=\"\" class=\"wp-image-133\" old-srcset=\"https:\/\/mljwiz3ouuzf.i.optimole.com\/cb:-bft.ac1\/w:768\/h:1024\/q:mauto\/ig:avif\/https:\/\/filmantrop.no\/omd\/wp-content\/uploads\/2020\/03\/CC3279C4-57AF-417F-A55A-822959FBF1A0-scaled.jpeg 768w, https:\/\/mljwiz3ouuzf.i.optimole.com\/cb:-bft.ac1\/w:225\/h:300\/q:mauto\/ig:avif\/https:\/\/filmantrop.no\/omd\/wp-content\/uploads\/2020\/03\/CC3279C4-57AF-417F-A55A-822959FBF1A0-scaled.jpeg 225w, https:\/\/mljwiz3ouuzf.i.optimole.com\/cb:-bft.ac1\/w:810\/h:1080\/q:mauto\/ig:avif\/https:\/\/filmantrop.no\/omd\/wp-content\/uploads\/2020\/03\/CC3279C4-57AF-417F-A55A-822959FBF1A0-scaled.jpeg 1152w, https:\/\/mljwiz3ouuzf.i.optimole.com\/cb:-bft.ac1\/w:810\/h:1080\/q:mauto\/ig:avif\/https:\/\/filmantrop.no\/omd\/wp-content\/uploads\/2020\/03\/CC3279C4-57AF-417F-A55A-822959FBF1A0-scaled.jpeg 1536w, https:\/\/mljwiz3ouuzf.i.optimole.com\/cb:-bft.ac1\/w:810\/h:1080\/q:mauto\/ig:avif\/https:\/\/filmantrop.no\/omd\/wp-content\/uploads\/2020\/03\/CC3279C4-57AF-417F-A55A-822959FBF1A0-scaled.jpeg 1920w\" \/><\/a><\/figure>\n\n\n\n<figure class=\"wp-block-image size-large\"><a href=\"https:\/\/mljwiz3ouuzf.i.optimole.com\/cb:-bft.ac1\/w:auto\/h:auto\/q:mauto\/ig:avif\/https:\/\/filmantrop.no\/omd\/wp-content\/uploads\/2020\/03\/1CB44BB2-2EF9-438C-9DE0-3B3EE25229FD.jpeg\"><img data-opt-id=1510457016  data-opt-src=\"https:\/\/mljwiz3ouuzf.i.optimole.com\/cb:-bft.ac1\/w:1024\/h:768\/q:mauto\/ig:avif\/https:\/\/filmantrop.no\/omd\/wp-content\/uploads\/2020\/03\/1CB44BB2-2EF9-438C-9DE0-3B3EE25229FD.jpeg\"  decoding=\"async\" width=\"1024\" height=\"768\" data-id=\"139\" src=\"data:image/svg+xml,%3Csvg%20viewBox%3D%220%200%201024%20768%22%20width%3D%221024%22%20height%3D%22768%22%20xmlns%3D%22http%3A%2F%2Fwww.w3.org%2F2000%2Fsvg%22%3E%3Crect%20width%3D%221024%22%20height%3D%22768%22%20fill%3D%22transparent%22%2F%3E%3C%2Fsvg%3E\" alt=\"\" class=\"wp-image-139\" old-srcset=\"https:\/\/mljwiz3ouuzf.i.optimole.com\/cb:-bft.ac1\/w:1024\/h:768\/q:mauto\/ig:avif\/https:\/\/filmantrop.no\/omd\/wp-content\/uploads\/2020\/03\/1CB44BB2-2EF9-438C-9DE0-3B3EE25229FD.jpeg 1024w, https:\/\/mljwiz3ouuzf.i.optimole.com\/cb:-bft.ac1\/w:300\/h:225\/q:mauto\/ig:avif\/https:\/\/filmantrop.no\/omd\/wp-content\/uploads\/2020\/03\/1CB44BB2-2EF9-438C-9DE0-3B3EE25229FD.jpeg 300w, https:\/\/mljwiz3ouuzf.i.optimole.com\/cb:-bft.ac1\/w:768\/h:576\/q:mauto\/ig:avif\/https:\/\/filmantrop.no\/omd\/wp-content\/uploads\/2020\/03\/1CB44BB2-2EF9-438C-9DE0-3B3EE25229FD.jpeg 768w, https:\/\/mljwiz3ouuzf.i.optimole.com\/cb:-bft.ac1\/w:1440\/h:1080\/q:mauto\/ig:avif\/https:\/\/filmantrop.no\/omd\/wp-content\/uploads\/2020\/03\/1CB44BB2-2EF9-438C-9DE0-3B3EE25229FD.jpeg 1536w, https:\/\/mljwiz3ouuzf.i.optimole.com\/cb:-bft.ac1\/w:1440\/h:1080\/q:mauto\/ig:avif\/https:\/\/filmantrop.no\/omd\/wp-content\/uploads\/2020\/03\/1CB44BB2-2EF9-438C-9DE0-3B3EE25229FD.jpeg 2048w\" \/><\/a><\/figure>\n\n\n\n<figure class=\"wp-block-image size-large\"><a href=\"https:\/\/mljwiz3ouuzf.i.optimole.com\/cb:-bft.ac1\/w:auto\/h:auto\/q:mauto\/ig:avif\/https:\/\/filmantrop.no\/omd\/wp-content\/uploads\/2020\/03\/B6412ED4-7EDD-4453-9A22-2CDAED70D68E.jpeg\"><img data-opt-id=1470126443  data-opt-src=\"https:\/\/mljwiz3ouuzf.i.optimole.com\/cb:-bft.ac1\/w:768\/h:1024\/q:mauto\/ig:avif\/https:\/\/filmantrop.no\/omd\/wp-content\/uploads\/2020\/03\/B6412ED4-7EDD-4453-9A22-2CDAED70D68E.jpeg\"  decoding=\"async\" width=\"768\" height=\"1024\" data-id=\"141\" src=\"data:image/svg+xml,%3Csvg%20viewBox%3D%220%200%20768%201024%22%20width%3D%22768%22%20height%3D%221024%22%20xmlns%3D%22http%3A%2F%2Fwww.w3.org%2F2000%2Fsvg%22%3E%3Crect%20width%3D%22768%22%20height%3D%221024%22%20fill%3D%22transparent%22%2F%3E%3C%2Fsvg%3E\" alt=\"\" class=\"wp-image-141\" old-srcset=\"https:\/\/mljwiz3ouuzf.i.optimole.com\/cb:-bft.ac1\/w:768\/h:1024\/q:mauto\/ig:avif\/https:\/\/filmantrop.no\/omd\/wp-content\/uploads\/2020\/03\/B6412ED4-7EDD-4453-9A22-2CDAED70D68E.jpeg 768w, https:\/\/mljwiz3ouuzf.i.optimole.com\/cb:-bft.ac1\/w:225\/h:300\/q:mauto\/ig:avif\/https:\/\/filmantrop.no\/omd\/wp-content\/uploads\/2020\/03\/B6412ED4-7EDD-4453-9A22-2CDAED70D68E.jpeg 225w, https:\/\/mljwiz3ouuzf.i.optimole.com\/cb:-bft.ac1\/w:810\/h:1080\/q:mauto\/ig:avif\/https:\/\/filmantrop.no\/omd\/wp-content\/uploads\/2020\/03\/B6412ED4-7EDD-4453-9A22-2CDAED70D68E.jpeg 1152w, https:\/\/mljwiz3ouuzf.i.optimole.com\/cb:-bft.ac1\/w:810\/h:1080\/q:mauto\/ig:avif\/https:\/\/filmantrop.no\/omd\/wp-content\/uploads\/2020\/03\/B6412ED4-7EDD-4453-9A22-2CDAED70D68E.jpeg 1536w\" \/><\/a><\/figure>\n\n\n\n<figure class=\"wp-block-image size-large\"><a href=\"https:\/\/mljwiz3ouuzf.i.optimole.com\/cb:-bft.ac1\/w:auto\/h:auto\/q:mauto\/ig:avif\/https:\/\/filmantrop.no\/omd\/wp-content\/uploads\/2020\/03\/C2C1CD13-6548-46D2-BED5-4CC5C49F2074.jpeg\"><img data-opt-id=2211987  data-opt-src=\"https:\/\/mljwiz3ouuzf.i.optimole.com\/cb:-bft.ac1\/w:768\/h:1024\/q:mauto\/ig:avif\/https:\/\/filmantrop.no\/omd\/wp-content\/uploads\/2020\/03\/C2C1CD13-6548-46D2-BED5-4CC5C49F2074.jpeg\"  decoding=\"async\" width=\"768\" height=\"1024\" data-id=\"142\" src=\"data:image/svg+xml,%3Csvg%20viewBox%3D%220%200%20768%201024%22%20width%3D%22768%22%20height%3D%221024%22%20xmlns%3D%22http%3A%2F%2Fwww.w3.org%2F2000%2Fsvg%22%3E%3Crect%20width%3D%22768%22%20height%3D%221024%22%20fill%3D%22transparent%22%2F%3E%3C%2Fsvg%3E\" alt=\"\" class=\"wp-image-142\" old-srcset=\"https:\/\/mljwiz3ouuzf.i.optimole.com\/cb:-bft.ac1\/w:768\/h:1024\/q:mauto\/ig:avif\/https:\/\/filmantrop.no\/omd\/wp-content\/uploads\/2020\/03\/C2C1CD13-6548-46D2-BED5-4CC5C49F2074.jpeg 768w, https:\/\/mljwiz3ouuzf.i.optimole.com\/cb:-bft.ac1\/w:225\/h:300\/q:mauto\/ig:avif\/https:\/\/filmantrop.no\/omd\/wp-content\/uploads\/2020\/03\/C2C1CD13-6548-46D2-BED5-4CC5C49F2074.jpeg 225w, https:\/\/mljwiz3ouuzf.i.optimole.com\/cb:-bft.ac1\/w:810\/h:1080\/q:mauto\/ig:avif\/https:\/\/filmantrop.no\/omd\/wp-content\/uploads\/2020\/03\/C2C1CD13-6548-46D2-BED5-4CC5C49F2074.jpeg 1152w, https:\/\/mljwiz3ouuzf.i.optimole.com\/cb:-bft.ac1\/w:810\/h:1080\/q:mauto\/ig:avif\/https:\/\/filmantrop.no\/omd\/wp-content\/uploads\/2020\/03\/C2C1CD13-6548-46D2-BED5-4CC5C49F2074.jpeg 1536w\" \/><\/a><\/figure>\n\n\n\n<figure class=\"wp-block-image size-large\"><a href=\"https:\/\/mljwiz3ouuzf.i.optimole.com\/cb:-bft.ac1\/w:auto\/h:auto\/q:mauto\/ig:avif\/https:\/\/filmantrop.no\/omd\/wp-content\/uploads\/2020\/03\/74643988-ECD9-4067-8A6A-4153ABE8FFD1-scaled.jpeg\"><img data-opt-id=919458541  data-opt-src=\"https:\/\/mljwiz3ouuzf.i.optimole.com\/cb:-bft.ac1\/w:768\/h:1024\/q:mauto\/ig:avif\/https:\/\/filmantrop.no\/omd\/wp-content\/uploads\/2020\/03\/74643988-ECD9-4067-8A6A-4153ABE8FFD1.jpeg\"  decoding=\"async\" width=\"768\" height=\"1024\" data-id=\"145\" src=\"data:image/svg+xml,%3Csvg%20viewBox%3D%220%200%20768%201024%22%20width%3D%22768%22%20height%3D%221024%22%20xmlns%3D%22http%3A%2F%2Fwww.w3.org%2F2000%2Fsvg%22%3E%3Crect%20width%3D%22768%22%20height%3D%221024%22%20fill%3D%22transparent%22%2F%3E%3C%2Fsvg%3E\" alt=\"\" class=\"wp-image-145\" old-srcset=\"https:\/\/mljwiz3ouuzf.i.optimole.com\/cb:-bft.ac1\/w:768\/h:1024\/q:mauto\/ig:avif\/https:\/\/filmantrop.no\/omd\/wp-content\/uploads\/2020\/03\/74643988-ECD9-4067-8A6A-4153ABE8FFD1-scaled.jpeg 768w, https:\/\/mljwiz3ouuzf.i.optimole.com\/cb:-bft.ac1\/w:225\/h:300\/q:mauto\/ig:avif\/https:\/\/filmantrop.no\/omd\/wp-content\/uploads\/2020\/03\/74643988-ECD9-4067-8A6A-4153ABE8FFD1-scaled.jpeg 225w, https:\/\/mljwiz3ouuzf.i.optimole.com\/cb:-bft.ac1\/w:810\/h:1080\/q:mauto\/ig:avif\/https:\/\/filmantrop.no\/omd\/wp-content\/uploads\/2020\/03\/74643988-ECD9-4067-8A6A-4153ABE8FFD1-scaled.jpeg 1152w, https:\/\/mljwiz3ouuzf.i.optimole.com\/cb:-bft.ac1\/w:810\/h:1080\/q:mauto\/ig:avif\/https:\/\/filmantrop.no\/omd\/wp-content\/uploads\/2020\/03\/74643988-ECD9-4067-8A6A-4153ABE8FFD1-scaled.jpeg 1536w, https:\/\/mljwiz3ouuzf.i.optimole.com\/cb:-bft.ac1\/w:810\/h:1080\/q:mauto\/ig:avif\/https:\/\/filmantrop.no\/omd\/wp-content\/uploads\/2020\/03\/74643988-ECD9-4067-8A6A-4153ABE8FFD1-scaled.jpeg 1920w\" \/><\/a><\/figure>\n\n\n\n<figure class=\"wp-block-image size-large\"><a href=\"https:\/\/mljwiz3ouuzf.i.optimole.com\/cb:-bft.ac1\/w:auto\/h:auto\/q:mauto\/ig:avif\/https:\/\/filmantrop.no\/omd\/wp-content\/uploads\/2020\/03\/FFFDB747-72B2-4D7C-9BD5-801F80F54E83-scaled.jpeg\"><img data-opt-id=545903638  data-opt-src=\"https:\/\/mljwiz3ouuzf.i.optimole.com\/cb:-bft.ac1\/w:768\/h:1024\/q:mauto\/ig:avif\/https:\/\/filmantrop.no\/omd\/wp-content\/uploads\/2020\/03\/FFFDB747-72B2-4D7C-9BD5-801F80F54E83.jpeg\"  decoding=\"async\" width=\"768\" height=\"1024\" data-id=\"146\" src=\"data:image/svg+xml,%3Csvg%20viewBox%3D%220%200%20768%201024%22%20width%3D%22768%22%20height%3D%221024%22%20xmlns%3D%22http%3A%2F%2Fwww.w3.org%2F2000%2Fsvg%22%3E%3Crect%20width%3D%22768%22%20height%3D%221024%22%20fill%3D%22transparent%22%2F%3E%3C%2Fsvg%3E\" alt=\"\" class=\"wp-image-146\" old-srcset=\"https:\/\/mljwiz3ouuzf.i.optimole.com\/cb:-bft.ac1\/w:768\/h:1024\/q:mauto\/ig:avif\/https:\/\/filmantrop.no\/omd\/wp-content\/uploads\/2020\/03\/FFFDB747-72B2-4D7C-9BD5-801F80F54E83-scaled.jpeg 768w, https:\/\/mljwiz3ouuzf.i.optimole.com\/cb:-bft.ac1\/w:225\/h:300\/q:mauto\/ig:avif\/https:\/\/filmantrop.no\/omd\/wp-content\/uploads\/2020\/03\/FFFDB747-72B2-4D7C-9BD5-801F80F54E83-scaled.jpeg 225w, https:\/\/mljwiz3ouuzf.i.optimole.com\/cb:-bft.ac1\/w:810\/h:1080\/q:mauto\/ig:avif\/https:\/\/filmantrop.no\/omd\/wp-content\/uploads\/2020\/03\/FFFDB747-72B2-4D7C-9BD5-801F80F54E83-scaled.jpeg 1152w, https:\/\/mljwiz3ouuzf.i.optimole.com\/cb:-bft.ac1\/w:810\/h:1080\/q:mauto\/ig:avif\/https:\/\/filmantrop.no\/omd\/wp-content\/uploads\/2020\/03\/FFFDB747-72B2-4D7C-9BD5-801F80F54E83-scaled.jpeg 1536w, https:\/\/mljwiz3ouuzf.i.optimole.com\/cb:-bft.ac1\/w:810\/h:1080\/q:mauto\/ig:avif\/https:\/\/filmantrop.no\/omd\/wp-content\/uploads\/2020\/03\/FFFDB747-72B2-4D7C-9BD5-801F80F54E83-scaled.jpeg 1920w\" \/><\/a><\/figure>\n\n\n\n<figure class=\"wp-block-image size-large\"><a href=\"https:\/\/mljwiz3ouuzf.i.optimole.com\/cb:-bft.ac1\/w:auto\/h:auto\/q:mauto\/ig:avif\/https:\/\/filmantrop.no\/omd\/wp-content\/uploads\/2020\/03\/867248A5-F543-4CBB-BD5F-C0B88C17E9C0-scaled.jpeg\"><img data-opt-id=1517310201  data-opt-src=\"https:\/\/mljwiz3ouuzf.i.optimole.com\/cb:-bft.ac1\/w:1024\/h:768\/q:mauto\/ig:avif\/https:\/\/filmantrop.no\/omd\/wp-content\/uploads\/2020\/03\/867248A5-F543-4CBB-BD5F-C0B88C17E9C0.jpeg\"  decoding=\"async\" width=\"1024\" height=\"768\" data-id=\"148\" src=\"data:image/svg+xml,%3Csvg%20viewBox%3D%220%200%201024%20768%22%20width%3D%221024%22%20height%3D%22768%22%20xmlns%3D%22http%3A%2F%2Fwww.w3.org%2F2000%2Fsvg%22%3E%3Crect%20width%3D%221024%22%20height%3D%22768%22%20fill%3D%22transparent%22%2F%3E%3C%2Fsvg%3E\" alt=\"\" class=\"wp-image-148\" old-srcset=\"https:\/\/mljwiz3ouuzf.i.optimole.com\/cb:-bft.ac1\/w:1024\/h:768\/q:mauto\/ig:avif\/https:\/\/filmantrop.no\/omd\/wp-content\/uploads\/2020\/03\/867248A5-F543-4CBB-BD5F-C0B88C17E9C0-scaled.jpeg 1024w, https:\/\/mljwiz3ouuzf.i.optimole.com\/cb:-bft.ac1\/w:300\/h:225\/q:mauto\/ig:avif\/https:\/\/filmantrop.no\/omd\/wp-content\/uploads\/2020\/03\/867248A5-F543-4CBB-BD5F-C0B88C17E9C0-scaled.jpeg 300w, https:\/\/mljwiz3ouuzf.i.optimole.com\/cb:-bft.ac1\/w:768\/h:576\/q:mauto\/ig:avif\/https:\/\/filmantrop.no\/omd\/wp-content\/uploads\/2020\/03\/867248A5-F543-4CBB-BD5F-C0B88C17E9C0-scaled.jpeg 768w, https:\/\/mljwiz3ouuzf.i.optimole.com\/cb:-bft.ac1\/w:1440\/h:1080\/q:mauto\/ig:avif\/https:\/\/filmantrop.no\/omd\/wp-content\/uploads\/2020\/03\/867248A5-F543-4CBB-BD5F-C0B88C17E9C0-scaled.jpeg 1536w, https:\/\/mljwiz3ouuzf.i.optimole.com\/cb:-bft.ac1\/w:1440\/h:1080\/q:mauto\/ig:avif\/https:\/\/filmantrop.no\/omd\/wp-content\/uploads\/2020\/03\/867248A5-F543-4CBB-BD5F-C0B88C17E9C0-scaled.jpeg 2048w\" \/><\/a><\/figure>\n\n\n\n<figure class=\"wp-block-image size-large\"><a href=\"https:\/\/mljwiz3ouuzf.i.optimole.com\/cb:-bft.ac1\/w:auto\/h:auto\/q:mauto\/ig:avif\/https:\/\/filmantrop.no\/omd\/wp-content\/uploads\/2020\/03\/E6F7B3FD-84DE-4F9C-8D75-85E0CC567252-scaled.jpeg\"><img data-opt-id=891414367  data-opt-src=\"https:\/\/mljwiz3ouuzf.i.optimole.com\/cb:-bft.ac1\/w:768\/h:1024\/q:mauto\/ig:avif\/https:\/\/filmantrop.no\/omd\/wp-content\/uploads\/2020\/03\/E6F7B3FD-84DE-4F9C-8D75-85E0CC567252.jpeg\"  decoding=\"async\" width=\"768\" height=\"1024\" data-id=\"180\" src=\"data:image/svg+xml,%3Csvg%20viewBox%3D%220%200%20768%201024%22%20width%3D%22768%22%20height%3D%221024%22%20xmlns%3D%22http%3A%2F%2Fwww.w3.org%2F2000%2Fsvg%22%3E%3Crect%20width%3D%22768%22%20height%3D%221024%22%20fill%3D%22transparent%22%2F%3E%3C%2Fsvg%3E\" alt=\"\" class=\"wp-image-180\" old-srcset=\"https:\/\/mljwiz3ouuzf.i.optimole.com\/cb:-bft.ac1\/w:768\/h:1024\/q:mauto\/ig:avif\/https:\/\/filmantrop.no\/omd\/wp-content\/uploads\/2020\/03\/E6F7B3FD-84DE-4F9C-8D75-85E0CC567252-scaled.jpeg 768w, https:\/\/mljwiz3ouuzf.i.optimole.com\/cb:-bft.ac1\/w:225\/h:300\/q:mauto\/ig:avif\/https:\/\/filmantrop.no\/omd\/wp-content\/uploads\/2020\/03\/E6F7B3FD-84DE-4F9C-8D75-85E0CC567252-scaled.jpeg 225w, https:\/\/mljwiz3ouuzf.i.optimole.com\/cb:-bft.ac1\/w:810\/h:1080\/q:mauto\/ig:avif\/https:\/\/filmantrop.no\/omd\/wp-content\/uploads\/2020\/03\/E6F7B3FD-84DE-4F9C-8D75-85E0CC567252-scaled.jpeg 1152w, https:\/\/mljwiz3ouuzf.i.optimole.com\/cb:-bft.ac1\/w:810\/h:1080\/q:mauto\/ig:avif\/https:\/\/filmantrop.no\/omd\/wp-content\/uploads\/2020\/03\/E6F7B3FD-84DE-4F9C-8D75-85E0CC567252-scaled.jpeg 1536w, https:\/\/mljwiz3ouuzf.i.optimole.com\/cb:-bft.ac1\/w:810\/h:1080\/q:mauto\/ig:avif\/https:\/\/filmantrop.no\/omd\/wp-content\/uploads\/2020\/03\/E6F7B3FD-84DE-4F9C-8D75-85E0CC567252-scaled.jpeg 1920w\" \/><\/a><\/figure>\n\n\n\n<figure class=\"wp-block-image size-large\"><a href=\"https:\/\/mljwiz3ouuzf.i.optimole.com\/cb:-bft.ac1\/w:auto\/h:auto\/q:mauto\/ig:avif\/https:\/\/filmantrop.no\/omd\/wp-content\/uploads\/2020\/03\/21F94A11-202C-462B-A149-ED2BD72A55F3-scaled.jpeg\"><img data-opt-id=802270479  data-opt-src=\"https:\/\/mljwiz3ouuzf.i.optimole.com\/cb:-bft.ac1\/w:768\/h:1024\/q:mauto\/ig:avif\/https:\/\/filmantrop.no\/omd\/wp-content\/uploads\/2020\/03\/21F94A11-202C-462B-A149-ED2BD72A55F3.jpeg\"  decoding=\"async\" width=\"768\" height=\"1024\" data-id=\"156\" src=\"data:image/svg+xml,%3Csvg%20viewBox%3D%220%200%20768%201024%22%20width%3D%22768%22%20height%3D%221024%22%20xmlns%3D%22http%3A%2F%2Fwww.w3.org%2F2000%2Fsvg%22%3E%3Crect%20width%3D%22768%22%20height%3D%221024%22%20fill%3D%22transparent%22%2F%3E%3C%2Fsvg%3E\" alt=\"\" class=\"wp-image-156\" old-srcset=\"https:\/\/mljwiz3ouuzf.i.optimole.com\/cb:-bft.ac1\/w:768\/h:1024\/q:mauto\/ig:avif\/https:\/\/filmantrop.no\/omd\/wp-content\/uploads\/2020\/03\/21F94A11-202C-462B-A149-ED2BD72A55F3-scaled.jpeg 768w, https:\/\/mljwiz3ouuzf.i.optimole.com\/cb:-bft.ac1\/w:225\/h:300\/q:mauto\/ig:avif\/https:\/\/filmantrop.no\/omd\/wp-content\/uploads\/2020\/03\/21F94A11-202C-462B-A149-ED2BD72A55F3-scaled.jpeg 225w, https:\/\/mljwiz3ouuzf.i.optimole.com\/cb:-bft.ac1\/w:810\/h:1080\/q:mauto\/ig:avif\/https:\/\/filmantrop.no\/omd\/wp-content\/uploads\/2020\/03\/21F94A11-202C-462B-A149-ED2BD72A55F3-scaled.jpeg 1152w, https:\/\/mljwiz3ouuzf.i.optimole.com\/cb:-bft.ac1\/w:810\/h:1080\/q:mauto\/ig:avif\/https:\/\/filmantrop.no\/omd\/wp-content\/uploads\/2020\/03\/21F94A11-202C-462B-A149-ED2BD72A55F3-scaled.jpeg 1536w, https:\/\/mljwiz3ouuzf.i.optimole.com\/cb:-bft.ac1\/w:810\/h:1080\/q:mauto\/ig:avif\/https:\/\/filmantrop.no\/omd\/wp-content\/uploads\/2020\/03\/21F94A11-202C-462B-A149-ED2BD72A55F3-scaled.jpeg 1920w\" \/><\/a><\/figure>\n\n\n\n<figure class=\"wp-block-image size-large\"><a href=\"https:\/\/mljwiz3ouuzf.i.optimole.com\/cb:-bft.ac1\/w:auto\/h:auto\/q:mauto\/ig:avif\/https:\/\/filmantrop.no\/omd\/wp-content\/uploads\/2020\/03\/07461D5D-6942-419D-87B2-660D9C14B905-scaled.jpeg\"><img data-opt-id=119310724  data-opt-src=\"https:\/\/mljwiz3ouuzf.i.optimole.com\/cb:-bft.ac1\/w:768\/h:1024\/q:mauto\/ig:avif\/https:\/\/filmantrop.no\/omd\/wp-content\/uploads\/2020\/03\/07461D5D-6942-419D-87B2-660D9C14B905.jpeg\"  decoding=\"async\" width=\"768\" height=\"1024\" data-id=\"181\" src=\"data:image/svg+xml,%3Csvg%20viewBox%3D%220%200%20768%201024%22%20width%3D%22768%22%20height%3D%221024%22%20xmlns%3D%22http%3A%2F%2Fwww.w3.org%2F2000%2Fsvg%22%3E%3Crect%20width%3D%22768%22%20height%3D%221024%22%20fill%3D%22transparent%22%2F%3E%3C%2Fsvg%3E\" alt=\"\" class=\"wp-image-181\" old-srcset=\"https:\/\/mljwiz3ouuzf.i.optimole.com\/cb:-bft.ac1\/w:768\/h:1024\/q:mauto\/ig:avif\/https:\/\/filmantrop.no\/omd\/wp-content\/uploads\/2020\/03\/07461D5D-6942-419D-87B2-660D9C14B905-scaled.jpeg 768w, https:\/\/mljwiz3ouuzf.i.optimole.com\/cb:-bft.ac1\/w:225\/h:300\/q:mauto\/ig:avif\/https:\/\/filmantrop.no\/omd\/wp-content\/uploads\/2020\/03\/07461D5D-6942-419D-87B2-660D9C14B905-scaled.jpeg 225w, https:\/\/mljwiz3ouuzf.i.optimole.com\/cb:-bft.ac1\/w:810\/h:1080\/q:mauto\/ig:avif\/https:\/\/filmantrop.no\/omd\/wp-content\/uploads\/2020\/03\/07461D5D-6942-419D-87B2-660D9C14B905-scaled.jpeg 1152w, https:\/\/mljwiz3ouuzf.i.optimole.com\/cb:-bft.ac1\/w:810\/h:1080\/q:mauto\/ig:avif\/https:\/\/filmantrop.no\/omd\/wp-content\/uploads\/2020\/03\/07461D5D-6942-419D-87B2-660D9C14B905-scaled.jpeg 1536w, https:\/\/mljwiz3ouuzf.i.optimole.com\/cb:-bft.ac1\/w:810\/h:1080\/q:mauto\/ig:avif\/https:\/\/filmantrop.no\/omd\/wp-content\/uploads\/2020\/03\/07461D5D-6942-419D-87B2-660D9C14B905-scaled.jpeg 1920w\" \/><\/a><\/figure>\n\n\n\n<figure class=\"wp-block-image size-large\"><a href=\"https:\/\/mljwiz3ouuzf.i.optimole.com\/cb:-bft.ac1\/w:auto\/h:auto\/q:mauto\/ig:avif\/https:\/\/filmantrop.no\/omd\/wp-content\/uploads\/2020\/03\/4E93C662-9A9F-4426-BCF0-CBD6540634F9-scaled.jpeg\"><img data-opt-id=121053455  data-opt-src=\"https:\/\/mljwiz3ouuzf.i.optimole.com\/cb:-bft.ac1\/w:768\/h:1024\/q:mauto\/ig:avif\/https:\/\/filmantrop.no\/omd\/wp-content\/uploads\/2020\/03\/4E93C662-9A9F-4426-BCF0-CBD6540634F9.jpeg\"  decoding=\"async\" width=\"768\" height=\"1024\" data-id=\"153\" src=\"data:image/svg+xml,%3Csvg%20viewBox%3D%220%200%20768%201024%22%20width%3D%22768%22%20height%3D%221024%22%20xmlns%3D%22http%3A%2F%2Fwww.w3.org%2F2000%2Fsvg%22%3E%3Crect%20width%3D%22768%22%20height%3D%221024%22%20fill%3D%22transparent%22%2F%3E%3C%2Fsvg%3E\" alt=\"\" class=\"wp-image-153\" old-srcset=\"https:\/\/mljwiz3ouuzf.i.optimole.com\/cb:-bft.ac1\/w:768\/h:1024\/q:mauto\/ig:avif\/https:\/\/filmantrop.no\/omd\/wp-content\/uploads\/2020\/03\/4E93C662-9A9F-4426-BCF0-CBD6540634F9-scaled.jpeg 768w, https:\/\/mljwiz3ouuzf.i.optimole.com\/cb:-bft.ac1\/w:225\/h:300\/q:mauto\/ig:avif\/https:\/\/filmantrop.no\/omd\/wp-content\/uploads\/2020\/03\/4E93C662-9A9F-4426-BCF0-CBD6540634F9-scaled.jpeg 225w, https:\/\/mljwiz3ouuzf.i.optimole.com\/cb:-bft.ac1\/w:810\/h:1080\/q:mauto\/ig:avif\/https:\/\/filmantrop.no\/omd\/wp-content\/uploads\/2020\/03\/4E93C662-9A9F-4426-BCF0-CBD6540634F9-scaled.jpeg 1152w, https:\/\/mljwiz3ouuzf.i.optimole.com\/cb:-bft.ac1\/w:810\/h:1080\/q:mauto\/ig:avif\/https:\/\/filmantrop.no\/omd\/wp-content\/uploads\/2020\/03\/4E93C662-9A9F-4426-BCF0-CBD6540634F9-scaled.jpeg 1536w, https:\/\/mljwiz3ouuzf.i.optimole.com\/cb:-bft.ac1\/w:810\/h:1080\/q:mauto\/ig:avif\/https:\/\/filmantrop.no\/omd\/wp-content\/uploads\/2020\/03\/4E93C662-9A9F-4426-BCF0-CBD6540634F9-scaled.jpeg 1920w\" \/><\/a><\/figure>\n<\/figure>\n","protected":false},"excerpt":{"rendered":"<p>Nr 26-2019 Merke: Norge Modell: Herre turist Fabrikant: Olaf \u00d8stbys eftf., Steinkjer Rammenummer: 2830 \u00c5rsmodell: 1938 St\u00f8rrelse: Vekt: Dekk: 28 x 1 1\/2 = 40-635 Nav: Torpedo frinav med pedalbrems Annet: Opprinnelig bukkestyre som ble flyttet til 24-2019. Valgte restaurering til det som opprinnelig hadde v\u00e6rt en dypbl\u00e5 farge. Skjermene var sorte med s\u00f8lv\/aluminium sideskj\u00f8rt.&hellip;&nbsp;<a href=\"https:\/\/filmantrop.no\/omd\/mine-steinkjer-sykler\/norge-1938-olaf-ostbys-eftf\/\" rel=\"bookmark\">Les mer &raquo;<span class=\"screen-reader-text\">\u00abNorge\u00bb (1938), Olaf \u00d8stbys eftf.<\/span><\/a><\/p>\n","protected":false},"author":1,"featured_media":0,"parent":31,"menu_order":0,"comment_status":"closed","ping_status":"closed","template":"","meta":{"neve_meta_sidebar":"","neve_meta_container":"","neve_meta_enable_content_width":"on","neve_meta_content_width":0,"neve_meta_title_alignment":"","neve_meta_author_avatar":"","neve_post_elements_order":"","neve_meta_disable_header":"","neve_meta_disable_footer":"","neve_meta_disable_title":"","_themeisle_gutenberg_block_has_review":false,"footnotes":""},"categories":[5,1],"tags":[],"class_list":["post-1100","page","type-page","status-publish","hentry","category-steinkjer","category-sykkel"],"_links":{"self":[{"href":"https:\/\/filmantrop.no\/omd\/wp-json\/wp\/v2\/pages\/1100","targetHints":{"allow":["GET"]}}],"collection":[{"href":"https:\/\/filmantrop.no\/omd\/wp-json\/wp\/v2\/pages"}],"about":[{"href":"https:\/\/filmantrop.no\/omd\/wp-json\/wp\/v2\/types\/page"}],"author":[{"embeddable":true,"href":"https:\/\/filmantrop.no\/omd\/wp-json\/wp\/v2\/users\/1"}],"replies":[{"embeddable":true,"href":"https:\/\/filmantrop.no\/omd\/wp-json\/wp\/v2\/comments?post=1100"}],"version-history":[{"count":4,"href":"https:\/\/filmantrop.no\/omd\/wp-json\/wp\/v2\/pages\/1100\/revisions"}],"predecessor-version":[{"id":2579,"href":"https:\/\/filmantrop.no\/omd\/wp-json\/wp\/v2\/pages\/1100\/revisions\/2579"}],"up":[{"embeddable":true,"href":"https:\/\/filmantrop.no\/omd\/wp-json\/wp\/v2\/pages\/31"}],"wp:attachment":[{"href":"https:\/\/filmantrop.no\/omd\/wp-json\/wp\/v2\/media?parent=1100"}],"wp:term":[{"taxonomy":"category","embeddable":true,"href":"https:\/\/filmantrop.no\/omd\/wp-json\/wp\/v2\/categories?post=1100"},{"taxonomy":"post_tag","embeddable":true,"href":"https:\/\/filmantrop.no\/omd\/wp-json\/wp\/v2\/tags?post=1100"}],"curies":[{"name":"wp","href":"https:\/\/api.w.org\/{rel}","templated":true}]}}