{"id":1102,"date":"2020-08-03T09:52:25","date_gmt":"2020-08-03T07:52:25","guid":{"rendered":"https:\/\/filmantrop.no\/omd\/?page_id=1102"},"modified":"2021-05-20T14:05:23","modified_gmt":"2021-05-20T12:05:23","slug":"fix-1937-joakim-gulstad","status":"publish","type":"page","link":"https:\/\/filmantrop.no\/omd\/mine-steinkjer-sykler\/fix-1937-joakim-gulstad\/","title":{"rendered":"\u00abFix\u00bb (1937), Joakim Gulstad"},"content":{"rendered":"\n<figure class=\"wp-block-image size-large\"><img data-opt-id=343322099  fetchpriority=\"high\" decoding=\"async\" width=\"1024\" height=\"768\" src=\"https:\/\/mljwiz3ouuzf.i.optimole.com\/cb:-bft.ac1\/w:1024\/h:768\/q:mauto\/ig:avif\/https:\/\/filmantrop.no\/omd\/wp-content\/uploads\/2020\/03\/851DA082-765E-4DA9-8C47-AF7FBC11DA14.jpeg\" alt=\"\" class=\"wp-image-175\" srcset=\"https:\/\/mljwiz3ouuzf.i.optimole.com\/cb:-bft.ac1\/w:1024\/h:768\/q:mauto\/ig:avif\/https:\/\/filmantrop.no\/omd\/wp-content\/uploads\/2020\/03\/851DA082-765E-4DA9-8C47-AF7FBC11DA14-scaled.jpeg 1024w, https:\/\/mljwiz3ouuzf.i.optimole.com\/cb:-bft.ac1\/w:300\/h:225\/q:mauto\/ig:avif\/https:\/\/filmantrop.no\/omd\/wp-content\/uploads\/2020\/03\/851DA082-765E-4DA9-8C47-AF7FBC11DA14-scaled.jpeg 300w, https:\/\/mljwiz3ouuzf.i.optimole.com\/cb:-bft.ac1\/w:768\/h:576\/q:mauto\/ig:avif\/https:\/\/filmantrop.no\/omd\/wp-content\/uploads\/2020\/03\/851DA082-765E-4DA9-8C47-AF7FBC11DA14-scaled.jpeg 768w, https:\/\/mljwiz3ouuzf.i.optimole.com\/cb:-bft.ac1\/w:1440\/h:1080\/q:mauto\/ig:avif\/https:\/\/filmantrop.no\/omd\/wp-content\/uploads\/2020\/03\/851DA082-765E-4DA9-8C47-AF7FBC11DA14-scaled.jpeg 1536w, https:\/\/mljwiz3ouuzf.i.optimole.com\/cb:-bft.ac1\/w:1440\/h:1080\/q:mauto\/ig:avif\/https:\/\/filmantrop.no\/omd\/wp-content\/uploads\/2020\/03\/851DA082-765E-4DA9-8C47-AF7FBC11DA14-scaled.jpeg 2048w\" sizes=\"(max-width: 1024px) 100vw, 1024px\" \/><\/figure>\n\n\n\n<ul class=\"ticss-8a87414f wp-block-list\"><li>Nr 24-2019<\/li><li>Merke: Fix<\/li><li>Modell: Herre turistracer<\/li><li>Fabrikant: Joakim Gulstad, Steinkjer<\/li><li>Rammenummer: <\/li><li>\u00c5rsmodell: 1937<\/li><li>St\u00f8rrelse:<\/li><li>Vekt:<\/li><li>Dekk: 28 x 1 <sup>1<\/sup>\/<sub>2<\/sub> = 40-635<\/li><li>Nav: Villiers De Luxe frikrans<\/li><li>Annet: 1&#8243; ramme. Hurtigkoblinger for raskere hjulskift. Kostemalt gr\u00f8nn. Spor av r\u00f8dt p\u00e5 undersiden av kjedekasse som trolig er opprinnelig farge. Overtatt fra Frank Mittet, Sparbu.<\/li><\/ul>\n\n\n\n<figure class=\"wp-block-gallery columns-1 is-cropped wp-block-gallery-1 is-layout-flex wp-block-gallery-is-layout-flex\"><ul class=\"blocks-gallery-grid\"><li class=\"blocks-gallery-item\"><figure><a href=\"https:\/\/mljwiz3ouuzf.i.optimole.com\/cb:-bft.ac1\/w:auto\/h:auto\/q:mauto\/ig:avif\/https:\/\/filmantrop.no\/omd\/wp-content\/uploads\/2020\/03\/579768D1-A850-4D4C-83A1-341D1CC3EC98-scaled.jpeg\"><img data-opt-id=443544509  fetchpriority=\"high\" decoding=\"async\" width=\"768\" height=\"1024\" src=\"https:\/\/mljwiz3ouuzf.i.optimole.com\/cb:-bft.ac1\/w:768\/h:1024\/q:mauto\/ig:avif\/https:\/\/filmantrop.no\/omd\/wp-content\/uploads\/2020\/03\/579768D1-A850-4D4C-83A1-341D1CC3EC98.jpeg\" alt=\"\" data-id=\"174\" data-full-url=\"https:\/\/mljwiz3ouuzf.i.optimole.com\/cb:-bft.ac1\/w:auto\/h:auto\/q:mauto\/ig:avif\/https:\/\/filmantrop.no\/omd\/wp-content\/uploads\/2020\/03\/579768D1-A850-4D4C-83A1-341D1CC3EC98-scaled.jpeg\" data-link=\"https:\/\/filmantrop.no\/omd\/mine-steinkjer-sykler\/579768d1-a850-4d4c-83a1-341d1cc3ec98\/\" class=\"wp-image-174\" srcset=\"https:\/\/mljwiz3ouuzf.i.optimole.com\/cb:-bft.ac1\/w:768\/h:1024\/q:mauto\/ig:avif\/https:\/\/filmantrop.no\/omd\/wp-content\/uploads\/2020\/03\/579768D1-A850-4D4C-83A1-341D1CC3EC98-scaled.jpeg 768w, https:\/\/mljwiz3ouuzf.i.optimole.com\/cb:-bft.ac1\/w:225\/h:300\/q:mauto\/ig:avif\/https:\/\/filmantrop.no\/omd\/wp-content\/uploads\/2020\/03\/579768D1-A850-4D4C-83A1-341D1CC3EC98-scaled.jpeg 225w, https:\/\/mljwiz3ouuzf.i.optimole.com\/cb:-bft.ac1\/w:810\/h:1080\/q:mauto\/ig:avif\/https:\/\/filmantrop.no\/omd\/wp-content\/uploads\/2020\/03\/579768D1-A850-4D4C-83A1-341D1CC3EC98-scaled.jpeg 1152w, https:\/\/mljwiz3ouuzf.i.optimole.com\/cb:-bft.ac1\/w:810\/h:1080\/q:mauto\/ig:avif\/https:\/\/filmantrop.no\/omd\/wp-content\/uploads\/2020\/03\/579768D1-A850-4D4C-83A1-341D1CC3EC98-scaled.jpeg 1536w, https:\/\/mljwiz3ouuzf.i.optimole.com\/cb:-bft.ac1\/w:810\/h:1080\/q:mauto\/ig:avif\/https:\/\/filmantrop.no\/omd\/wp-content\/uploads\/2020\/03\/579768D1-A850-4D4C-83A1-341D1CC3EC98-scaled.jpeg 1920w\" sizes=\"(max-width: 768px) 100vw, 768px\" \/><\/a><\/figure><\/li><\/ul><\/figure>\n","protected":false},"excerpt":{"rendered":"<p>Nr 24-2019 Merke: Fix Modell: Herre turistracer Fabrikant: Joakim Gulstad, Steinkjer Rammenummer: \u00c5rsmodell: 1937 St\u00f8rrelse: Vekt: Dekk: 28 x 1 1\/2 = 40-635 Nav: Villiers De Luxe frikrans Annet: 1&#8243; ramme. Hurtigkoblinger for raskere hjulskift. Kostemalt gr\u00f8nn. Spor av r\u00f8dt p\u00e5 undersiden av kjedekasse som trolig er opprinnelig farge. Overtatt fra Frank Mittet, Sparbu.<\/p>\n","protected":false},"author":1,"featured_media":0,"parent":31,"menu_order":0,"comment_status":"closed","ping_status":"closed","template":"","meta":{"neve_meta_sidebar":"","neve_meta_container":"","neve_meta_enable_content_width":"on","neve_meta_content_width":0,"neve_meta_title_alignment":"","neve_meta_author_avatar":"","neve_post_elements_order":"","neve_meta_disable_header":"","neve_meta_disable_footer":"","neve_meta_disable_title":"","_themeisle_gutenberg_block_has_review":false,"footnotes":""},"categories":[],"tags":[],"class_list":["post-1102","page","type-page","status-publish","hentry"],"_links":{"self":[{"href":"https:\/\/filmantrop.no\/omd\/wp-json\/wp\/v2\/pages\/1102","targetHints":{"allow":["GET"]}}],"collection":[{"href":"https:\/\/filmantrop.no\/omd\/wp-json\/wp\/v2\/pages"}],"about":[{"href":"https:\/\/filmantrop.no\/omd\/wp-json\/wp\/v2\/types\/page"}],"author":[{"embeddable":true,"href":"https:\/\/filmantrop.no\/omd\/wp-json\/wp\/v2\/users\/1"}],"replies":[{"embeddable":true,"href":"https:\/\/filmantrop.no\/omd\/wp-json\/wp\/v2\/comments?post=1102"}],"version-history":[{"count":3,"href":"https:\/\/filmantrop.no\/omd\/wp-json\/wp\/v2\/pages\/1102\/revisions"}],"predecessor-version":[{"id":2206,"href":"https:\/\/filmantrop.no\/omd\/wp-json\/wp\/v2\/pages\/1102\/revisions\/2206"}],"up":[{"embeddable":true,"href":"https:\/\/filmantrop.no\/omd\/wp-json\/wp\/v2\/pages\/31"}],"wp:attachment":[{"href":"https:\/\/filmantrop.no\/omd\/wp-json\/wp\/v2\/media?parent=1102"}],"wp:term":[{"taxonomy":"category","embeddable":true,"href":"https:\/\/filmantrop.no\/omd\/wp-json\/wp\/v2\/categories?post=1102"},{"taxonomy":"post_tag","embeddable":true,"href":"https:\/\/filmantrop.no\/omd\/wp-json\/wp\/v2\/tags?post=1102"}],"curies":[{"name":"wp","href":"https:\/\/api.w.org\/{rel}","templated":true}]}}