{"id":1447,"date":"2020-09-14T10:01:02","date_gmt":"2020-09-14T08:01:02","guid":{"rendered":"https:\/\/filmantrop.no\/omd\/?page_id=1447"},"modified":"2023-07-06T08:02:46","modified_gmt":"2023-07-06T06:02:46","slug":"koga-miyata","status":"publish","type":"page","link":"https:\/\/filmantrop.no\/omd\/tidligere-sykler-i-mitt-eie\/koga-miyata\/","title":{"rendered":"Koga Miyata (1981)"},"content":{"rendered":"\n<figure class=\"wp-block-image size-large\"><img data-opt-id=4116959  fetchpriority=\"high\" decoding=\"async\" width=\"1024\" height=\"768\" src=\"https:\/\/mljwiz3ouuzf.i.optimole.com\/cb:-bft.ac1\/w:1024\/h:768\/q:mauto\/ig:avif\/https:\/\/filmantrop.no\/omd\/wp-content\/uploads\/2020\/11\/8209C9BB-E620-4DA5-9AD7-D2A5F389FF6D.jpeg\" alt=\"\" class=\"wp-image-1546\" srcset=\"https:\/\/mljwiz3ouuzf.i.optimole.com\/cb:-bft.ac1\/w:1024\/h:768\/q:mauto\/ig:avif\/https:\/\/filmantrop.no\/omd\/wp-content\/uploads\/2020\/11\/8209C9BB-E620-4DA5-9AD7-D2A5F389FF6D-scaled.jpeg 1024w, https:\/\/mljwiz3ouuzf.i.optimole.com\/cb:-bft.ac1\/w:300\/h:225\/q:mauto\/ig:avif\/https:\/\/filmantrop.no\/omd\/wp-content\/uploads\/2020\/11\/8209C9BB-E620-4DA5-9AD7-D2A5F389FF6D-scaled.jpeg 300w, https:\/\/mljwiz3ouuzf.i.optimole.com\/cb:-bft.ac1\/w:768\/h:576\/q:mauto\/ig:avif\/https:\/\/filmantrop.no\/omd\/wp-content\/uploads\/2020\/11\/8209C9BB-E620-4DA5-9AD7-D2A5F389FF6D-scaled.jpeg 768w, https:\/\/mljwiz3ouuzf.i.optimole.com\/cb:-bft.ac1\/w:1440\/h:1080\/q:mauto\/ig:avif\/https:\/\/filmantrop.no\/omd\/wp-content\/uploads\/2020\/11\/8209C9BB-E620-4DA5-9AD7-D2A5F389FF6D-scaled.jpeg 1536w, https:\/\/mljwiz3ouuzf.i.optimole.com\/cb:-bft.ac1\/w:1440\/h:1080\/q:mauto\/ig:avif\/https:\/\/filmantrop.no\/omd\/wp-content\/uploads\/2020\/11\/8209C9BB-E620-4DA5-9AD7-D2A5F389FF6D-scaled.jpeg 2048w\" sizes=\"(max-width: 1024px) 100vw, 1024px\" \/><\/figure>\n\n\n\n<ul class=\"ticss-d4b4e582 wp-block-list\">\n<li>Nr nn-2020<\/li>\n\n\n\n<li>Merke: Koga Miyata<\/li>\n\n\n\n<li>Modell: Fullpro, racer<\/li>\n\n\n\n<li>Fabrikant: Koga Miyata<\/li>\n\n\n\n<li>Rammenummer: J3 6915 59DD<\/li>\n\n\n\n<li>\u00c5rsmodell: 1981<\/li>\n\n\n\n<li>Vekt: 9,9 kg<\/li>\n\n\n\n<li>St\u00f8rrelse: 59 cm (Dynadrive), som har 1,7 cm lavere plattform enn vanlige pedaler. M\u00e5lt CC ST er st\u00f8rrelsen dermed ca 57 cm.<\/li>\n\n\n\n<li>Dekk: Mavic GP4 felger med Vittoria Rally 25-622<\/li>\n\n\n\n<li>Nav: Dura-Ace 7200 foran og bak med kassett<\/li>\n\n\n\n<li>Gir: Dur-Ace utvendig kjedegir 2 x 7 (53-42 og 13-20)<\/li>\n\n\n\n<li>Annet: San Marco sete, Sakae styre<\/li>\n<\/ul>\n\n\n\n<div class=\"wp-block-jetpack-tiled-gallery aligncenter is-style-rectangular\"><div class=\"tiled-gallery__gallery\"><div class=\"tiled-gallery__row\"><div class=\"tiled-gallery__col\" style=\"flex-basis:24.76649084122194%\"><figure class=\"tiled-gallery__item\"><img data-opt-id=259259377  fetchpriority=\"high\" decoding=\"async\" alt=\"\" data-height=\"2133\" data-id=\"1448\" data-link=\"https:\/\/filmantrop.no\/omd\/koga-miyata\/945_1114750264\/\" data-url=\"https:\/\/mljwiz3ouuzf.i.optimole.com\/cb:-bft.ac1\/w:auto\/h:auto\/q:mauto\/ig:avif\/https:\/\/filmantrop.no\/omd\/wp-content\/uploads\/2020\/09\/945_1114750264.jpg\" data-width=\"1600\" src=\"https:\/\/mljwiz3ouuzf.i.optimole.com\/cb:-bft.ac1\/w:auto\/h:auto\/q:mauto\/ig:avif\/https:\/\/i1.wp.com\/filmantrop.no\/omd\/wp-content\/uploads\/2020\/09\/945_1114750264.jpg?ssl=1\" data-amp-layout=\"responsive\"\/><\/figure><\/div><div class=\"tiled-gallery__col\" style=\"flex-basis:24.762635884928528%\"><figure class=\"tiled-gallery__item\"><img data-opt-id=493650437  data-opt-src=\"https:\/\/mljwiz3ouuzf.i.optimole.com\/cb:-bft.ac1\/w:auto\/h:auto\/q:mauto\/ig:avif\/https:\/\/i1.wp.com\/filmantrop.no\/omd\/wp-content\/uploads\/2020\/09\/945_1484280071.jpg\"  decoding=\"async\" alt=\"\" data-height=\"1600\" data-id=\"1449\" data-link=\"https:\/\/filmantrop.no\/omd\/koga-miyata\/945_1484280071\/\" data-url=\"https:\/\/mljwiz3ouuzf.i.optimole.com\/cb:-bft.ac1\/w:auto\/h:auto\/q:mauto\/ig:avif\/https:\/\/filmantrop.no\/omd\/wp-content\/uploads\/2020\/09\/945_1484280071.jpg\" data-width=\"1200\" src=\"data:image/svg+xml,%3Csvg%20viewBox%3D%220%200%20100%%20100%%22%20width%3D%22100%%22%20height%3D%22100%%22%20xmlns%3D%22http%3A%2F%2Fwww.w3.org%2F2000%2Fsvg%22%3E%3Crect%20width%3D%22100%%22%20height%3D%22100%%22%20fill%3D%22transparent%22%2F%3E%3C%2Fsvg%3E?ssl=1\" data-amp-layout=\"responsive\"\/><\/figure><\/div><div class=\"tiled-gallery__col\" style=\"flex-basis:24.762635884928528%\"><figure class=\"tiled-gallery__item\"><img data-opt-id=534543620  data-opt-src=\"https:\/\/mljwiz3ouuzf.i.optimole.com\/cb:-bft.ac1\/w:auto\/h:auto\/q:mauto\/ig:avif\/https:\/\/i0.wp.com\/filmantrop.no\/omd\/wp-content\/uploads\/2020\/09\/945_1241522376.jpg\"  decoding=\"async\" alt=\"\" data-height=\"1600\" data-id=\"1450\" data-link=\"https:\/\/filmantrop.no\/omd\/koga-miyata\/945_1241522376\/\" data-url=\"https:\/\/mljwiz3ouuzf.i.optimole.com\/cb:-bft.ac1\/w:auto\/h:auto\/q:mauto\/ig:avif\/https:\/\/filmantrop.no\/omd\/wp-content\/uploads\/2020\/09\/945_1241522376.jpg\" data-width=\"1200\" src=\"data:image/svg+xml,%3Csvg%20viewBox%3D%220%200%20100%%20100%%22%20width%3D%22100%%22%20height%3D%22100%%22%20xmlns%3D%22http%3A%2F%2Fwww.w3.org%2F2000%2Fsvg%22%3E%3Crect%20width%3D%22100%%22%20height%3D%22100%%22%20fill%3D%22transparent%22%2F%3E%3C%2Fsvg%3E?ssl=1\" data-amp-layout=\"responsive\"\/><\/figure><\/div><div class=\"tiled-gallery__col\" style=\"flex-basis:25.708237388920995%\"><figure class=\"tiled-gallery__item\"><img data-opt-id=550478840  data-opt-src=\"https:\/\/mljwiz3ouuzf.i.optimole.com\/cb:-bft.ac1\/w:auto\/h:auto\/q:mauto\/ig:avif\/https:\/\/i0.wp.com\/filmantrop.no\/omd\/wp-content\/uploads\/2020\/09\/945_228025138.jpg\"  decoding=\"async\" alt=\"\" data-height=\"1600\" data-id=\"1451\" data-link=\"https:\/\/filmantrop.no\/omd\/koga-miyata\/945_228025138\/\" data-url=\"https:\/\/mljwiz3ouuzf.i.optimole.com\/cb:-bft.ac1\/w:auto\/h:auto\/q:mauto\/ig:avif\/https:\/\/filmantrop.no\/omd\/wp-content\/uploads\/2020\/09\/945_228025138.jpg\" data-width=\"1246\" src=\"data:image/svg+xml,%3Csvg%20viewBox%3D%220%200%20100%%20100%%22%20width%3D%22100%%22%20height%3D%22100%%22%20xmlns%3D%22http%3A%2F%2Fwww.w3.org%2F2000%2Fsvg%22%3E%3Crect%20width%3D%22100%%22%20height%3D%22100%%22%20fill%3D%22transparent%22%2F%3E%3C%2Fsvg%3E?ssl=1\" data-amp-layout=\"responsive\"\/><\/figure><\/div><\/div><div class=\"tiled-gallery__row\"><div class=\"tiled-gallery__col\" style=\"flex-basis:33.333333333333336%\"><figure class=\"tiled-gallery__item\"><img data-opt-id=1097750286  data-opt-src=\"https:\/\/mljwiz3ouuzf.i.optimole.com\/cb:-bft.ac1\/w:auto\/h:auto\/q:mauto\/ig:avif\/https:\/\/i0.wp.com\/filmantrop.no\/omd\/wp-content\/uploads\/2020\/11\/FD45E8CC-BE8D-4B2B-ABF4-C110F69011F2-scaled.jpeg\"  decoding=\"async\" alt=\"\" data-height=\"2560\" data-id=\"1548\" data-link=\"https:\/\/filmantrop.no\/omd\/fd45e8cc-be8d-4b2b-abf4-c110f69011f2\/\" data-url=\"https:\/\/mljwiz3ouuzf.i.optimole.com\/cb:-bft.ac1\/w:auto\/h:auto\/q:mauto\/ig:avif\/https:\/\/filmantrop.no\/omd\/wp-content\/uploads\/2020\/11\/FD45E8CC-BE8D-4B2B-ABF4-C110F69011F2-scaled.jpeg\" data-width=\"1920\" src=\"data:image/svg+xml,%3Csvg%20viewBox%3D%220%200%20100%%20100%%22%20width%3D%22100%%22%20height%3D%22100%%22%20xmlns%3D%22http%3A%2F%2Fwww.w3.org%2F2000%2Fsvg%22%3E%3Crect%20width%3D%22100%%22%20height%3D%22100%%22%20fill%3D%22transparent%22%2F%3E%3C%2Fsvg%3E?ssl=1\" data-amp-layout=\"responsive\"\/><\/figure><\/div><div class=\"tiled-gallery__col\" style=\"flex-basis:33.333333333333336%\"><figure class=\"tiled-gallery__item\"><img data-opt-id=924509636  data-opt-src=\"https:\/\/mljwiz3ouuzf.i.optimole.com\/cb:-bft.ac1\/w:auto\/h:auto\/q:mauto\/ig:avif\/https:\/\/i0.wp.com\/filmantrop.no\/omd\/wp-content\/uploads\/2020\/11\/A8B344BB-D2DD-48E6-AD98-D145B88DFE1B-scaled.jpeg\"  decoding=\"async\" alt=\"\" data-height=\"2560\" data-id=\"1547\" data-link=\"https:\/\/filmantrop.no\/omd\/a8b344bb-d2dd-48e6-ad98-d145b88dfe1b\/\" data-url=\"https:\/\/mljwiz3ouuzf.i.optimole.com\/cb:-bft.ac1\/w:auto\/h:auto\/q:mauto\/ig:avif\/https:\/\/filmantrop.no\/omd\/wp-content\/uploads\/2020\/11\/A8B344BB-D2DD-48E6-AD98-D145B88DFE1B-scaled.jpeg\" data-width=\"1920\" src=\"data:image/svg+xml,%3Csvg%20viewBox%3D%220%200%20100%%20100%%22%20width%3D%22100%%22%20height%3D%22100%%22%20xmlns%3D%22http%3A%2F%2Fwww.w3.org%2F2000%2Fsvg%22%3E%3Crect%20width%3D%22100%%22%20height%3D%22100%%22%20fill%3D%22transparent%22%2F%3E%3C%2Fsvg%3E?ssl=1\" data-amp-layout=\"responsive\"\/><\/figure><\/div><div class=\"tiled-gallery__col\" style=\"flex-basis:33.333333333333336%\"><figure class=\"tiled-gallery__item\"><img data-opt-id=1370057937  data-opt-src=\"https:\/\/mljwiz3ouuzf.i.optimole.com\/cb:-bft.ac1\/w:auto\/h:auto\/q:mauto\/ig:avif\/https:\/\/i2.wp.com\/filmantrop.no\/omd\/wp-content\/uploads\/2020\/11\/1BE57968-A962-40BF-8572-3573AFFF09DB-scaled.jpeg\"  decoding=\"async\" alt=\"\" data-height=\"2560\" data-id=\"1545\" data-link=\"https:\/\/filmantrop.no\/omd\/1be57968-a962-40bf-8572-3573afff09db\/\" data-url=\"https:\/\/mljwiz3ouuzf.i.optimole.com\/cb:-bft.ac1\/w:auto\/h:auto\/q:mauto\/ig:avif\/https:\/\/filmantrop.no\/omd\/wp-content\/uploads\/2020\/11\/1BE57968-A962-40BF-8572-3573AFFF09DB-scaled.jpeg\" data-width=\"1920\" src=\"data:image/svg+xml,%3Csvg%20viewBox%3D%220%200%20100%%20100%%22%20width%3D%22100%%22%20height%3D%22100%%22%20xmlns%3D%22http%3A%2F%2Fwww.w3.org%2F2000%2Fsvg%22%3E%3Crect%20width%3D%22100%%22%20height%3D%22100%%22%20fill%3D%22transparent%22%2F%3E%3C%2Fsvg%3E?ssl=1\" data-amp-layout=\"responsive\"\/><\/figure><\/div><\/div><div class=\"tiled-gallery__row\"><div class=\"tiled-gallery__col\" style=\"flex-basis:25%\"><figure class=\"tiled-gallery__item\"><img data-opt-id=1348478340  data-opt-src=\"https:\/\/mljwiz3ouuzf.i.optimole.com\/cb:-bft.ac1\/w:auto\/h:auto\/q:mauto\/ig:avif\/https:\/\/i1.wp.com\/filmantrop.no\/omd\/wp-content\/uploads\/2020\/11\/F9CEE210-6546-4E84-802D-4AED822E0FC9-scaled.jpeg\"  decoding=\"async\" alt=\"\" data-height=\"2560\" data-id=\"1544\" data-link=\"https:\/\/filmantrop.no\/omd\/f9cee210-6546-4e84-802d-4aed822e0fc9\/\" data-url=\"https:\/\/mljwiz3ouuzf.i.optimole.com\/cb:-bft.ac1\/w:auto\/h:auto\/q:mauto\/ig:avif\/https:\/\/filmantrop.no\/omd\/wp-content\/uploads\/2020\/11\/F9CEE210-6546-4E84-802D-4AED822E0FC9-scaled.jpeg\" data-width=\"1920\" src=\"data:image/svg+xml,%3Csvg%20viewBox%3D%220%200%20100%%20100%%22%20width%3D%22100%%22%20height%3D%22100%%22%20xmlns%3D%22http%3A%2F%2Fwww.w3.org%2F2000%2Fsvg%22%3E%3Crect%20width%3D%22100%%22%20height%3D%22100%%22%20fill%3D%22transparent%22%2F%3E%3C%2Fsvg%3E?ssl=1\" data-amp-layout=\"responsive\"\/><\/figure><\/div><div class=\"tiled-gallery__col\" style=\"flex-basis:25%\"><figure class=\"tiled-gallery__item\"><img data-opt-id=290590254  data-opt-src=\"https:\/\/mljwiz3ouuzf.i.optimole.com\/cb:-bft.ac1\/w:auto\/h:auto\/q:mauto\/ig:avif\/https:\/\/i0.wp.com\/filmantrop.no\/omd\/wp-content\/uploads\/2020\/11\/7A3CF492-9CB1-414A-9D6A-1FC604C5FC2A-scaled.jpeg\"  decoding=\"async\" alt=\"\" data-height=\"2560\" data-id=\"1543\" data-link=\"https:\/\/filmantrop.no\/omd\/7a3cf492-9cb1-414a-9d6a-1fc604c5fc2a\/\" data-url=\"https:\/\/mljwiz3ouuzf.i.optimole.com\/cb:-bft.ac1\/w:auto\/h:auto\/q:mauto\/ig:avif\/https:\/\/filmantrop.no\/omd\/wp-content\/uploads\/2020\/11\/7A3CF492-9CB1-414A-9D6A-1FC604C5FC2A-scaled.jpeg\" data-width=\"1920\" src=\"data:image/svg+xml,%3Csvg%20viewBox%3D%220%200%20100%%20100%%22%20width%3D%22100%%22%20height%3D%22100%%22%20xmlns%3D%22http%3A%2F%2Fwww.w3.org%2F2000%2Fsvg%22%3E%3Crect%20width%3D%22100%%22%20height%3D%22100%%22%20fill%3D%22transparent%22%2F%3E%3C%2Fsvg%3E?ssl=1\" data-amp-layout=\"responsive\"\/><\/figure><\/div><div class=\"tiled-gallery__col\" style=\"flex-basis:25%\"><figure class=\"tiled-gallery__item\"><img data-opt-id=1640866311  data-opt-src=\"https:\/\/mljwiz3ouuzf.i.optimole.com\/cb:-bft.ac1\/w:auto\/h:auto\/q:mauto\/ig:avif\/https:\/\/i1.wp.com\/filmantrop.no\/omd\/wp-content\/uploads\/2020\/11\/DE0B76E4-166B-4446-8B35-1D1385ACA8C6-scaled.jpeg\"  decoding=\"async\" alt=\"\" data-height=\"2560\" data-id=\"1542\" data-link=\"https:\/\/filmantrop.no\/omd\/de0b76e4-166b-4446-8b35-1d1385aca8c6\/\" data-url=\"https:\/\/mljwiz3ouuzf.i.optimole.com\/cb:-bft.ac1\/w:auto\/h:auto\/q:mauto\/ig:avif\/https:\/\/filmantrop.no\/omd\/wp-content\/uploads\/2020\/11\/DE0B76E4-166B-4446-8B35-1D1385ACA8C6-scaled.jpeg\" data-width=\"1920\" src=\"data:image/svg+xml,%3Csvg%20viewBox%3D%220%200%20100%%20100%%22%20width%3D%22100%%22%20height%3D%22100%%22%20xmlns%3D%22http%3A%2F%2Fwww.w3.org%2F2000%2Fsvg%22%3E%3Crect%20width%3D%22100%%22%20height%3D%22100%%22%20fill%3D%22transparent%22%2F%3E%3C%2Fsvg%3E?ssl=1\" data-amp-layout=\"responsive\"\/><\/figure><\/div><div class=\"tiled-gallery__col\" style=\"flex-basis:25%\"><figure class=\"tiled-gallery__item\"><img data-opt-id=943880736  data-opt-src=\"https:\/\/mljwiz3ouuzf.i.optimole.com\/cb:-bft.ac1\/w:auto\/h:auto\/q:mauto\/ig:avif\/https:\/\/i2.wp.com\/filmantrop.no\/omd\/wp-content\/uploads\/2020\/11\/4C064324-EB9F-4A8F-8864-C56CDA3BCCEE-scaled.jpeg\"  decoding=\"async\" alt=\"\" data-height=\"2560\" data-id=\"1541\" data-link=\"https:\/\/filmantrop.no\/omd\/4c064324-eb9f-4a8f-8864-c56cda3bccee\/\" data-url=\"https:\/\/mljwiz3ouuzf.i.optimole.com\/cb:-bft.ac1\/w:auto\/h:auto\/q:mauto\/ig:avif\/https:\/\/filmantrop.no\/omd\/wp-content\/uploads\/2020\/11\/4C064324-EB9F-4A8F-8864-C56CDA3BCCEE-scaled.jpeg\" data-width=\"1920\" src=\"data:image/svg+xml,%3Csvg%20viewBox%3D%220%200%20100%%20100%%22%20width%3D%22100%%22%20height%3D%22100%%22%20xmlns%3D%22http%3A%2F%2Fwww.w3.org%2F2000%2Fsvg%22%3E%3Crect%20width%3D%22100%%22%20height%3D%22100%%22%20fill%3D%22transparent%22%2F%3E%3C%2Fsvg%3E?ssl=1\" data-amp-layout=\"responsive\"\/><\/figure><\/div><\/div><div class=\"tiled-gallery__row\"><div class=\"tiled-gallery__col\" style=\"flex-basis:50%\"><figure class=\"tiled-gallery__item\"><img data-opt-id=1742520038  data-opt-src=\"https:\/\/mljwiz3ouuzf.i.optimole.com\/cb:-bft.ac1\/w:auto\/h:auto\/q:mauto\/ig:avif\/https:\/\/i0.wp.com\/filmantrop.no\/omd\/wp-content\/uploads\/2020\/11\/FD3231AD-7118-4DB8-B57F-5E3DB50FD20E-scaled.jpeg\"  decoding=\"async\" alt=\"\" data-height=\"2560\" data-id=\"1540\" data-link=\"https:\/\/filmantrop.no\/omd\/fd3231ad-7118-4db8-b57f-5e3db50fd20e\/\" data-url=\"https:\/\/mljwiz3ouuzf.i.optimole.com\/cb:-bft.ac1\/w:auto\/h:auto\/q:mauto\/ig:avif\/https:\/\/filmantrop.no\/omd\/wp-content\/uploads\/2020\/11\/FD3231AD-7118-4DB8-B57F-5E3DB50FD20E-scaled.jpeg\" data-width=\"1920\" src=\"data:image/svg+xml,%3Csvg%20viewBox%3D%220%200%20100%%20100%%22%20width%3D%22100%%22%20height%3D%22100%%22%20xmlns%3D%22http%3A%2F%2Fwww.w3.org%2F2000%2Fsvg%22%3E%3Crect%20width%3D%22100%%22%20height%3D%22100%%22%20fill%3D%22transparent%22%2F%3E%3C%2Fsvg%3E?ssl=1\" data-amp-layout=\"responsive\"\/><\/figure><\/div><div class=\"tiled-gallery__col\" style=\"flex-basis:50%\"><figure class=\"tiled-gallery__item\"><img data-opt-id=438988840  data-opt-src=\"https:\/\/mljwiz3ouuzf.i.optimole.com\/cb:-bft.ac1\/w:auto\/h:auto\/q:mauto\/ig:avif\/https:\/\/i1.wp.com\/filmantrop.no\/omd\/wp-content\/uploads\/2020\/11\/48F0625B-09F4-4AEF-8A1B-4C690A162DC5-scaled.jpeg\"  decoding=\"async\" alt=\"\" data-height=\"2560\" data-id=\"1539\" data-link=\"https:\/\/filmantrop.no\/omd\/48f0625b-09f4-4aef-8a1b-4c690a162dc5\/\" data-url=\"https:\/\/mljwiz3ouuzf.i.optimole.com\/cb:-bft.ac1\/w:auto\/h:auto\/q:mauto\/ig:avif\/https:\/\/filmantrop.no\/omd\/wp-content\/uploads\/2020\/11\/48F0625B-09F4-4AEF-8A1B-4C690A162DC5-scaled.jpeg\" data-width=\"1920\" src=\"data:image/svg+xml,%3Csvg%20viewBox%3D%220%200%20100%%20100%%22%20width%3D%22100%%22%20height%3D%22100%%22%20xmlns%3D%22http%3A%2F%2Fwww.w3.org%2F2000%2Fsvg%22%3E%3Crect%20width%3D%22100%%22%20height%3D%22100%%22%20fill%3D%22transparent%22%2F%3E%3C%2Fsvg%3E?ssl=1\" data-amp-layout=\"responsive\"\/><\/figure><\/div><\/div><div class=\"tiled-gallery__row\"><div class=\"tiled-gallery__col\" style=\"flex-basis:36.03614209004544%\"><figure class=\"tiled-gallery__item\"><img data-opt-id=875660629  data-opt-src=\"https:\/\/mljwiz3ouuzf.i.optimole.com\/cb:-bft.ac1\/w:auto\/h:auto\/q:mauto\/ig:avif\/https:\/\/i1.wp.com\/filmantrop.no\/omd\/wp-content\/uploads\/2020\/11\/713122CA-0C67-4919-9EAE-79646E0363B9-scaled.jpeg\"  decoding=\"async\" alt=\"\" data-height=\"2560\" data-id=\"1538\" data-link=\"https:\/\/filmantrop.no\/omd\/713122ca-0c67-4919-9eae-79646e0363b9\/\" data-url=\"https:\/\/mljwiz3ouuzf.i.optimole.com\/cb:-bft.ac1\/w:auto\/h:auto\/q:mauto\/ig:avif\/https:\/\/filmantrop.no\/omd\/wp-content\/uploads\/2020\/11\/713122CA-0C67-4919-9EAE-79646E0363B9-scaled.jpeg\" data-width=\"1920\" src=\"data:image/svg+xml,%3Csvg%20viewBox%3D%220%200%20100%%20100%%22%20width%3D%22100%%22%20height%3D%22100%%22%20xmlns%3D%22http%3A%2F%2Fwww.w3.org%2F2000%2Fsvg%22%3E%3Crect%20width%3D%22100%%22%20height%3D%22100%%22%20fill%3D%22transparent%22%2F%3E%3C%2Fsvg%3E?ssl=1\" data-amp-layout=\"responsive\"\/><\/figure><\/div><div class=\"tiled-gallery__col\" style=\"flex-basis:63.96385790995457%\"><figure class=\"tiled-gallery__item\"><img data-opt-id=337426041  data-opt-src=\"https:\/\/mljwiz3ouuzf.i.optimole.com\/cb:-bft.ac1\/w:auto\/h:auto\/q:mauto\/ig:avif\/https:\/\/i1.wp.com\/filmantrop.no\/omd\/wp-content\/uploads\/2020\/11\/7D3E4A7C-8F43-4131-8A11-73A66AA9EAC5-scaled.jpeg\"  decoding=\"async\" alt=\"\" data-height=\"1920\" data-id=\"1537\" data-link=\"https:\/\/filmantrop.no\/omd\/7d3e4a7c-8f43-4131-8a11-73a66aa9eac5\/\" data-url=\"https:\/\/mljwiz3ouuzf.i.optimole.com\/cb:-bft.ac1\/w:auto\/h:auto\/q:mauto\/ig:avif\/https:\/\/filmantrop.no\/omd\/wp-content\/uploads\/2020\/11\/7D3E4A7C-8F43-4131-8A11-73A66AA9EAC5-scaled.jpeg\" data-width=\"2560\" src=\"data:image/svg+xml,%3Csvg%20viewBox%3D%220%200%20100%%20100%%22%20width%3D%22100%%22%20height%3D%22100%%22%20xmlns%3D%22http%3A%2F%2Fwww.w3.org%2F2000%2Fsvg%22%3E%3Crect%20width%3D%22100%%22%20height%3D%22100%%22%20fill%3D%22transparent%22%2F%3E%3C%2Fsvg%3E?ssl=1\" data-amp-layout=\"responsive\"\/><\/figure><\/div><\/div><div class=\"tiled-gallery__row\"><div class=\"tiled-gallery__col\" style=\"flex-basis:33.333333333333336%\"><figure class=\"tiled-gallery__item\"><img data-opt-id=136616567  data-opt-src=\"https:\/\/mljwiz3ouuzf.i.optimole.com\/cb:-bft.ac1\/w:auto\/h:auto\/q:mauto\/ig:avif\/https:\/\/i0.wp.com\/filmantrop.no\/omd\/wp-content\/uploads\/2020\/11\/FBF6364E-4866-45E4-96E3-822E5A2297D3-scaled.jpeg\"  decoding=\"async\" alt=\"\" data-height=\"2560\" data-id=\"1536\" data-link=\"https:\/\/filmantrop.no\/omd\/fbf6364e-4866-45e4-96e3-822e5a2297d3\/\" data-url=\"https:\/\/mljwiz3ouuzf.i.optimole.com\/cb:-bft.ac1\/w:auto\/h:auto\/q:mauto\/ig:avif\/https:\/\/filmantrop.no\/omd\/wp-content\/uploads\/2020\/11\/FBF6364E-4866-45E4-96E3-822E5A2297D3-scaled.jpeg\" data-width=\"1920\" src=\"data:image/svg+xml,%3Csvg%20viewBox%3D%220%200%20100%%20100%%22%20width%3D%22100%%22%20height%3D%22100%%22%20xmlns%3D%22http%3A%2F%2Fwww.w3.org%2F2000%2Fsvg%22%3E%3Crect%20width%3D%22100%%22%20height%3D%22100%%22%20fill%3D%22transparent%22%2F%3E%3C%2Fsvg%3E?ssl=1\" data-amp-layout=\"responsive\"\/><\/figure><\/div><div class=\"tiled-gallery__col\" style=\"flex-basis:33.333333333333336%\"><figure class=\"tiled-gallery__item\"><img data-opt-id=1061242924  data-opt-src=\"https:\/\/mljwiz3ouuzf.i.optimole.com\/cb:-bft.ac1\/w:auto\/h:auto\/q:mauto\/ig:avif\/https:\/\/i0.wp.com\/filmantrop.no\/omd\/wp-content\/uploads\/2020\/11\/AC544D0B-13C4-45F3-9C3B-C4E4E468C03E-scaled.jpeg\"  decoding=\"async\" alt=\"\" data-height=\"2560\" data-id=\"1535\" data-link=\"https:\/\/filmantrop.no\/omd\/ac544d0b-13c4-45f3-9c3b-c4e4e468c03e\/\" data-url=\"https:\/\/mljwiz3ouuzf.i.optimole.com\/cb:-bft.ac1\/w:auto\/h:auto\/q:mauto\/ig:avif\/https:\/\/filmantrop.no\/omd\/wp-content\/uploads\/2020\/11\/AC544D0B-13C4-45F3-9C3B-C4E4E468C03E-scaled.jpeg\" data-width=\"1920\" src=\"data:image/svg+xml,%3Csvg%20viewBox%3D%220%200%20100%%20100%%22%20width%3D%22100%%22%20height%3D%22100%%22%20xmlns%3D%22http%3A%2F%2Fwww.w3.org%2F2000%2Fsvg%22%3E%3Crect%20width%3D%22100%%22%20height%3D%22100%%22%20fill%3D%22transparent%22%2F%3E%3C%2Fsvg%3E?ssl=1\" data-amp-layout=\"responsive\"\/><\/figure><\/div><div class=\"tiled-gallery__col\" style=\"flex-basis:33.333333333333336%\"><figure class=\"tiled-gallery__item\"><img data-opt-id=1804577020  data-opt-src=\"https:\/\/mljwiz3ouuzf.i.optimole.com\/cb:-bft.ac1\/w:auto\/h:auto\/q:mauto\/ig:avif\/https:\/\/i0.wp.com\/filmantrop.no\/omd\/wp-content\/uploads\/2020\/11\/64C4FF5E-3F1C-4AE5-BF91-35FA43443BE1-scaled.jpeg\"  decoding=\"async\" alt=\"\" data-height=\"2560\" data-id=\"1534\" data-link=\"https:\/\/filmantrop.no\/omd\/64c4ff5e-3f1c-4ae5-bf91-35fa43443be1\/\" data-url=\"https:\/\/mljwiz3ouuzf.i.optimole.com\/cb:-bft.ac1\/w:auto\/h:auto\/q:mauto\/ig:avif\/https:\/\/filmantrop.no\/omd\/wp-content\/uploads\/2020\/11\/64C4FF5E-3F1C-4AE5-BF91-35FA43443BE1-scaled.jpeg\" data-width=\"1920\" src=\"data:image/svg+xml,%3Csvg%20viewBox%3D%220%200%20100%%20100%%22%20width%3D%22100%%22%20height%3D%22100%%22%20xmlns%3D%22http%3A%2F%2Fwww.w3.org%2F2000%2Fsvg%22%3E%3Crect%20width%3D%22100%%22%20height%3D%22100%%22%20fill%3D%22transparent%22%2F%3E%3C%2Fsvg%3E?ssl=1\" data-amp-layout=\"responsive\"\/><\/figure><\/div><\/div><div class=\"tiled-gallery__row\"><div class=\"tiled-gallery__col\" style=\"flex-basis:50%\"><figure class=\"tiled-gallery__item\"><img data-opt-id=782702390  data-opt-src=\"https:\/\/mljwiz3ouuzf.i.optimole.com\/cb:-bft.ac1\/w:auto\/h:auto\/q:mauto\/ig:avif\/https:\/\/i2.wp.com\/filmantrop.no\/omd\/wp-content\/uploads\/2020\/11\/6D65D6E7-11AF-4C58-A13A-B6B0148B6DBE-scaled.jpeg\"  decoding=\"async\" alt=\"\" data-height=\"2560\" data-id=\"1533\" data-link=\"https:\/\/filmantrop.no\/omd\/6d65d6e7-11af-4c58-a13a-b6b0148b6dbe\/\" data-url=\"https:\/\/mljwiz3ouuzf.i.optimole.com\/cb:-bft.ac1\/w:auto\/h:auto\/q:mauto\/ig:avif\/https:\/\/filmantrop.no\/omd\/wp-content\/uploads\/2020\/11\/6D65D6E7-11AF-4C58-A13A-B6B0148B6DBE-scaled.jpeg\" data-width=\"1920\" src=\"data:image/svg+xml,%3Csvg%20viewBox%3D%220%200%20100%%20100%%22%20width%3D%22100%%22%20height%3D%22100%%22%20xmlns%3D%22http%3A%2F%2Fwww.w3.org%2F2000%2Fsvg%22%3E%3Crect%20width%3D%22100%%22%20height%3D%22100%%22%20fill%3D%22transparent%22%2F%3E%3C%2Fsvg%3E?ssl=1\" data-amp-layout=\"responsive\"\/><\/figure><\/div><div class=\"tiled-gallery__col\" style=\"flex-basis:50%\"><figure class=\"tiled-gallery__item\"><img data-opt-id=1383045687  data-opt-src=\"https:\/\/mljwiz3ouuzf.i.optimole.com\/cb:-bft.ac1\/w:auto\/h:auto\/q:mauto\/ig:avif\/https:\/\/i0.wp.com\/filmantrop.no\/omd\/wp-content\/uploads\/2020\/11\/059FFC1B-D7DA-4F5B-A893-B3811603D371-scaled.jpeg\"  decoding=\"async\" alt=\"\" data-height=\"2560\" data-id=\"1532\" data-link=\"https:\/\/filmantrop.no\/omd\/059ffc1b-d7da-4f5b-a893-b3811603d371\/\" data-url=\"https:\/\/mljwiz3ouuzf.i.optimole.com\/cb:-bft.ac1\/w:auto\/h:auto\/q:mauto\/ig:avif\/https:\/\/filmantrop.no\/omd\/wp-content\/uploads\/2020\/11\/059FFC1B-D7DA-4F5B-A893-B3811603D371-scaled.jpeg\" data-width=\"1920\" src=\"data:image/svg+xml,%3Csvg%20viewBox%3D%220%200%20100%%20100%%22%20width%3D%22100%%22%20height%3D%22100%%22%20xmlns%3D%22http%3A%2F%2Fwww.w3.org%2F2000%2Fsvg%22%3E%3Crect%20width%3D%22100%%22%20height%3D%22100%%22%20fill%3D%22transparent%22%2F%3E%3C%2Fsvg%3E?ssl=1\" data-amp-layout=\"responsive\"\/><\/figure><\/div><\/div><\/div><\/div>\n\n\n\n<p><\/p>\n","protected":false},"excerpt":{"rendered":"","protected":false},"author":1,"featured_media":0,"parent":981,"menu_order":0,"comment_status":"closed","ping_status":"closed","template":"","meta":{"neve_meta_sidebar":"full-width","neve_meta_container":"","neve_meta_enable_content_width":"on","neve_meta_content_width":70,"neve_meta_title_alignment":"","neve_meta_author_avatar":"","neve_post_elements_order":"","neve_meta_disable_header":"","neve_meta_disable_footer":"","neve_meta_disable_title":"","_themeisle_gutenberg_block_has_review":false,"footnotes":""},"categories":[90,1],"tags":[86,118,119,120],"class_list":["post-1447","page","type-page","status-publish","hentry","category-racer","category-sykkel","tag-dura-ace","tag-koga-miyata","tag-miyata","tag-shimano"],"_links":{"self":[{"href":"https:\/\/filmantrop.no\/omd\/wp-json\/wp\/v2\/pages\/1447","targetHints":{"allow":["GET"]}}],"collection":[{"href":"https:\/\/filmantrop.no\/omd\/wp-json\/wp\/v2\/pages"}],"about":[{"href":"https:\/\/filmantrop.no\/omd\/wp-json\/wp\/v2\/types\/page"}],"author":[{"embeddable":true,"href":"https:\/\/filmantrop.no\/omd\/wp-json\/wp\/v2\/users\/1"}],"replies":[{"embeddable":true,"href":"https:\/\/filmantrop.no\/omd\/wp-json\/wp\/v2\/comments?post=1447"}],"version-history":[{"count":12,"href":"https:\/\/filmantrop.no\/omd\/wp-json\/wp\/v2\/pages\/1447\/revisions"}],"predecessor-version":[{"id":3171,"href":"https:\/\/filmantrop.no\/omd\/wp-json\/wp\/v2\/pages\/1447\/revisions\/3171"}],"up":[{"embeddable":true,"href":"https:\/\/filmantrop.no\/omd\/wp-json\/wp\/v2\/pages\/981"}],"wp:attachment":[{"href":"https:\/\/filmantrop.no\/omd\/wp-json\/wp\/v2\/media?parent=1447"}],"wp:term":[{"taxonomy":"category","embeddable":true,"href":"https:\/\/filmantrop.no\/omd\/wp-json\/wp\/v2\/categories?post=1447"},{"taxonomy":"post_tag","embeddable":true,"href":"https:\/\/filmantrop.no\/omd\/wp-json\/wp\/v2\/tags?post=1447"}],"curies":[{"name":"wp","href":"https:\/\/api.w.org\/{rel}","templated":true}]}}