{"id":2691,"date":"2022-07-31T18:58:08","date_gmt":"2022-07-31T16:58:08","guid":{"rendered":"https:\/\/filmantrop.no\/omd\/?page_id=2691"},"modified":"2023-07-17T14:04:34","modified_gmt":"2023-07-17T12:04:34","slug":"nidaros-1909","status":"publish","type":"page","link":"https:\/\/filmantrop.no\/omd\/andre-sykler\/nidaros-1909\/","title":{"rendered":"Nidaros (1909)"},"content":{"rendered":"\n<figure class=\"wp-block-image size-large\"><img data-opt-id=1073453504  fetchpriority=\"high\" decoding=\"async\" width=\"1024\" height=\"768\" src=\"https:\/\/mljwiz3ouuzf.i.optimole.com\/cb:-bft.ac1\/w:1024\/h:768\/q:mauto\/ig:avif\/https:\/\/filmantrop.no\/omd\/wp-content\/uploads\/2023\/03\/44FDEE47-BF8B-4E88-B9C8-59A80D4CB6B2.jpeg\" alt=\"\" class=\"wp-image-2798\" srcset=\"https:\/\/mljwiz3ouuzf.i.optimole.com\/cb:-bft.ac1\/w:1024\/h:768\/q:mauto\/ig:avif\/https:\/\/filmantrop.no\/omd\/wp-content\/uploads\/2023\/03\/44FDEE47-BF8B-4E88-B9C8-59A80D4CB6B2-scaled.jpeg 1024w, https:\/\/mljwiz3ouuzf.i.optimole.com\/cb:-bft.ac1\/w:300\/h:225\/q:mauto\/ig:avif\/https:\/\/filmantrop.no\/omd\/wp-content\/uploads\/2023\/03\/44FDEE47-BF8B-4E88-B9C8-59A80D4CB6B2-scaled.jpeg 300w, https:\/\/mljwiz3ouuzf.i.optimole.com\/cb:-bft.ac1\/w:768\/h:576\/q:mauto\/ig:avif\/https:\/\/filmantrop.no\/omd\/wp-content\/uploads\/2023\/03\/44FDEE47-BF8B-4E88-B9C8-59A80D4CB6B2-scaled.jpeg 768w, https:\/\/mljwiz3ouuzf.i.optimole.com\/cb:-bft.ac1\/w:1440\/h:1080\/q:mauto\/ig:avif\/https:\/\/filmantrop.no\/omd\/wp-content\/uploads\/2023\/03\/44FDEE47-BF8B-4E88-B9C8-59A80D4CB6B2-scaled.jpeg 1536w, https:\/\/mljwiz3ouuzf.i.optimole.com\/cb:-bft.ac1\/w:1440\/h:1080\/q:mauto\/ig:avif\/https:\/\/filmantrop.no\/omd\/wp-content\/uploads\/2023\/03\/44FDEE47-BF8B-4E88-B9C8-59A80D4CB6B2-scaled.jpeg 2048w\" sizes=\"(max-width: 1024px) 100vw, 1024px\" \/><\/figure>\n\n\n\n<ul class=\"ticss-70c8b1ea wp-block-list\">\n<li>Nr nn-2021<\/li>\n\n\n\n<li>Merke: Nidaros<\/li>\n\n\n\n<li>Modell: Herre turist<\/li>\n\n\n\n<li>Fabrikant: Lefstad, Trondheim<\/li>\n\n\n\n<li>Rammenummer: <\/li>\n\n\n\n<li>\u00c5rsmodell: 1909<\/li>\n\n\n\n<li class=\"ticss-70c8b1ea\">Vekt:  kg<\/li>\n\n\n\n<li>St\u00f8rrelse: <\/li>\n\n\n\n<li>Dekk: 28 x 1 <sup>5<\/sup>\/<sub>8<\/sub> x 1 <sup>1<\/sup>\/<sub>2<\/sub> = 44-635<\/li>\n\n\n\n<li>Nav: Torpedo frinav med pedalbrems<\/li>\n\n\n\n<li>Annet: Overtatt fra<\/li>\n<\/ul>\n\n\n\n<p><strong>En historie<\/strong><\/p>\n\n\n\n<p>Opprinnelig fra en g\u00e5rd i n\u00e6rheten av Persaunet, Trondheim tidlig i forrige \u00e5rhundre.<br>Da jeg overtok denne sykkelen var det flere Nidaros-detaljer p\u00e5 den. Det var p\u00e5limt et nyere merke (40-60-talls), det var ogs\u00e5 de stjernene som Nidaros var kjent for. I tillegg var det en verkt\u00f8yveske med Nidaros-gravering i l\u00e6ret.<br>Dette f\u00e5r meg til \u00e5 tro at sykkelen trolig var kj\u00f8pt hos Johan Lefstad i Munkegt. 44 (der virksomheten fortsatt holder til, for \u00f8vrig, n\u00e5 som <em>Intersport Lefstad<\/em>).<br>Lefstad hadde importert sykler med navn &laquo;Styria&raquo; fra \u00d8sterrike og satte i 1905 ogs\u00e5 i gang med produksjon av sykler med samme navn. Det mest kjente merket fra Lefstad er imidlertid &laquo;Nidaros&raquo;.<\/p>\n\n\n\n<p>Kjennetegn ved sykkelen:<br>\u2022 Stor, h\u00f8yreist ramme<br>\u2022 Spesielle dropouts bak<br>\u2022 Lukket gaffel<br>\u2022 Klokkekrank med delt aksel<br>\u2022 Treholker<br>\u2022 Trepedaler<br>\u2022 Rester av karbidlampe<br>\u2022 Gaffel, styrelager, bremsehendel, ringeklokke, setepinne og krank (deler av) er forniklet<br>\u2022 Pedaler er 9\/16&#8243;<br>\u2022 Lagersk\u00e5l stemplet med 09 11 (\u00e5r m\u00e5ned?)<br>\u2022 Bakskjerm har f\u00e5tt p\u00e5montert hvit plate (p\u00e5budt 27. mai 1938), noe som indikerer at den var i bruk p\u00e5 dette tidspunktet<\/p>\n\n\n\n<p>Videre skjebne: Kanskje ble den lagret \/ gjemt bort under krigen? Kanskje t\u00e5lte den dette d\u00e5rlig. Iallfall har den p\u00e5 et tidspunkt gjennomg\u00e5tt noen reparasjoner, mest trolig like i etterkant av krigen. Den har som nevnt blitt utstyrt med treholker og -pedaler. S\u00e5 har det skjedd noe med drivlinjen. Opprinnelig krank har f\u00e5tt satt p\u00e5 et J\u00d8S-drev. Hva kan grunnen v\u00e6re til det? Kanskje hadde denne til og med blokk-kjede. Kanskje var det dette som r\u00f8k og s\u00e5 fikk de ikke tak i nytt. P\u00e5 bakhjulet sto det nemlig et Torpedo-nav fra 1935. For \u00e5 f\u00e5 dette og nytt kjede til \u00e5 passe m\u00e5tte de gj\u00f8re et bytte ogs\u00e5 foran. Videre har den trolig f\u00e5tt nytt sete, nytt styre og alts\u00e5 nyere hjul. Bakrammen har v\u00e6rt knekt, eller s\u00e5 godt som knekt, og det ble utf\u00f8rt en noks\u00e5 amat\u00f8rmessig sveiseoperasjon (som jeg har gjenskapt like amat\u00f8rmessig ved \u00e5 fjerne den gamle sveisen og sveise p\u00e5 nytt). Opprinnelig farge var sort, men den ble p\u00e5 et tidspunkt malt bl\u00e5. Da forsvant nok trolig de p\u00e5malte dekalene (hvis det var noen). Ved et senere tidspunkt igjen fikk den nye kostestr\u00f8k med maling, denne gang tilbake til sort med tykke og ujevne pinstriper i s\u00f8lv.<br>Mitt bidrag til dette var \u00e5 fjerne alle lag med maling ned til st\u00e5let. S\u00e5 sveiset, slipte og sparklet jeg, Owatrolbehandlet b\u00e5de inni og utenp\u00e5 f\u00f8r jeg igjen slipte, grunnet og lakkerte. Det er like amat\u00f8rmessig gjort, men det er mulig den ble noen gram lettere. Pinstriping begir jeg meg ikke ut p\u00e5 i denne omgang.<\/p>\n\n\n\n<p>Forhjulet har jeg beholdt uendret. Det er Westwood-felg og med lange, flotte eikenipler i messing. Navet er riktig nok krommet. Bakhjulet bygde jeg om. Jeg byttet ut Torpedonav (1935) med det eldste (l\u00f8se) tilsvarende jeg hadde fra 1914 og satte p\u00e5 NOS galvaniserte eiker\/nipler. Noen sm\u00e5deler er byttet; ny skrue gjennom gaffel for \u00e5 holde felgbremsen, nye kjedestrammere og feste for bremsearm i tillegg til nye holker. Som dere ser fikk den, ved et innfall, r\u00f8de dekk samt et nyprodusert forniklet styre.<\/p>\n\n\n\n<figure class=\"wp-block-gallery has-nested-images columns-default is-cropped wp-block-gallery-1 is-layout-flex wp-block-gallery-is-layout-flex\">\n<figure class=\"wp-block-image size-large\"><a href=\"https:\/\/mljwiz3ouuzf.i.optimole.com\/cb:-bft.ac1\/w:auto\/h:auto\/q:mauto\/ig:avif\/https:\/\/filmantrop.no\/omd\/wp-content\/uploads\/2023\/03\/057B618C-C1A5-44E2-8B1D-3A2656951BB8-scaled.jpeg\"><img data-opt-id=1171108356  fetchpriority=\"high\" decoding=\"async\" width=\"1024\" height=\"768\" data-id=\"2800\" src=\"https:\/\/mljwiz3ouuzf.i.optimole.com\/cb:-bft.ac1\/w:1024\/h:768\/q:mauto\/ig:avif\/https:\/\/filmantrop.no\/omd\/wp-content\/uploads\/2023\/03\/057B618C-C1A5-44E2-8B1D-3A2656951BB8.jpeg\" alt=\"\" class=\"wp-image-2800\" srcset=\"https:\/\/mljwiz3ouuzf.i.optimole.com\/cb:-bft.ac1\/w:1024\/h:768\/q:mauto\/ig:avif\/https:\/\/filmantrop.no\/omd\/wp-content\/uploads\/2023\/03\/057B618C-C1A5-44E2-8B1D-3A2656951BB8-scaled.jpeg 1024w, https:\/\/mljwiz3ouuzf.i.optimole.com\/cb:-bft.ac1\/w:300\/h:225\/q:mauto\/ig:avif\/https:\/\/filmantrop.no\/omd\/wp-content\/uploads\/2023\/03\/057B618C-C1A5-44E2-8B1D-3A2656951BB8-scaled.jpeg 300w, https:\/\/mljwiz3ouuzf.i.optimole.com\/cb:-bft.ac1\/w:768\/h:576\/q:mauto\/ig:avif\/https:\/\/filmantrop.no\/omd\/wp-content\/uploads\/2023\/03\/057B618C-C1A5-44E2-8B1D-3A2656951BB8-scaled.jpeg 768w, https:\/\/mljwiz3ouuzf.i.optimole.com\/cb:-bft.ac1\/w:1440\/h:1080\/q:mauto\/ig:avif\/https:\/\/filmantrop.no\/omd\/wp-content\/uploads\/2023\/03\/057B618C-C1A5-44E2-8B1D-3A2656951BB8-scaled.jpeg 1536w, https:\/\/mljwiz3ouuzf.i.optimole.com\/cb:-bft.ac1\/w:1440\/h:1080\/q:mauto\/ig:avif\/https:\/\/filmantrop.no\/omd\/wp-content\/uploads\/2023\/03\/057B618C-C1A5-44E2-8B1D-3A2656951BB8-scaled.jpeg 2048w\" sizes=\"(max-width: 1024px) 100vw, 1024px\" \/><\/a><\/figure>\n\n\n\n<figure class=\"wp-block-image size-large\"><a href=\"https:\/\/mljwiz3ouuzf.i.optimole.com\/cb:-bft.ac1\/w:auto\/h:auto\/q:mauto\/ig:avif\/https:\/\/filmantrop.no\/omd\/wp-content\/uploads\/2023\/03\/496112BB-70E3-49CC-B6C0-5DA9F4B77A09-scaled.jpeg\"><img data-opt-id=1494549069  data-opt-src=\"https:\/\/mljwiz3ouuzf.i.optimole.com\/cb:-bft.ac1\/w:768\/h:1024\/q:mauto\/ig:avif\/https:\/\/filmantrop.no\/omd\/wp-content\/uploads\/2023\/03\/496112BB-70E3-49CC-B6C0-5DA9F4B77A09.jpeg\"  decoding=\"async\" width=\"768\" height=\"1024\" data-id=\"2799\" src=\"data:image/svg+xml,%3Csvg%20viewBox%3D%220%200%20768%201024%22%20width%3D%22768%22%20height%3D%221024%22%20xmlns%3D%22http%3A%2F%2Fwww.w3.org%2F2000%2Fsvg%22%3E%3Crect%20width%3D%22768%22%20height%3D%221024%22%20fill%3D%22transparent%22%2F%3E%3C%2Fsvg%3E\" alt=\"\" class=\"wp-image-2799\" old-srcset=\"https:\/\/mljwiz3ouuzf.i.optimole.com\/cb:-bft.ac1\/w:768\/h:1024\/q:mauto\/ig:avif\/https:\/\/filmantrop.no\/omd\/wp-content\/uploads\/2023\/03\/496112BB-70E3-49CC-B6C0-5DA9F4B77A09-scaled.jpeg 768w, https:\/\/mljwiz3ouuzf.i.optimole.com\/cb:-bft.ac1\/w:225\/h:300\/q:mauto\/ig:avif\/https:\/\/filmantrop.no\/omd\/wp-content\/uploads\/2023\/03\/496112BB-70E3-49CC-B6C0-5DA9F4B77A09-scaled.jpeg 225w, https:\/\/mljwiz3ouuzf.i.optimole.com\/cb:-bft.ac1\/w:810\/h:1080\/q:mauto\/ig:avif\/https:\/\/filmantrop.no\/omd\/wp-content\/uploads\/2023\/03\/496112BB-70E3-49CC-B6C0-5DA9F4B77A09-scaled.jpeg 1152w, https:\/\/mljwiz3ouuzf.i.optimole.com\/cb:-bft.ac1\/w:810\/h:1080\/q:mauto\/ig:avif\/https:\/\/filmantrop.no\/omd\/wp-content\/uploads\/2023\/03\/496112BB-70E3-49CC-B6C0-5DA9F4B77A09-scaled.jpeg 1536w, https:\/\/mljwiz3ouuzf.i.optimole.com\/cb:-bft.ac1\/w:810\/h:1080\/q:mauto\/ig:avif\/https:\/\/filmantrop.no\/omd\/wp-content\/uploads\/2023\/03\/496112BB-70E3-49CC-B6C0-5DA9F4B77A09-scaled.jpeg 1920w\" \/><\/a><\/figure>\n\n\n\n<figure class=\"wp-block-image size-large\"><a href=\"https:\/\/mljwiz3ouuzf.i.optimole.com\/cb:-bft.ac1\/w:auto\/h:auto\/q:mauto\/ig:avif\/https:\/\/filmantrop.no\/omd\/wp-content\/uploads\/2023\/03\/49220781-9086-4110-A70F-0A951DC8B173-scaled.jpeg\"><img data-opt-id=1023376341  data-opt-src=\"https:\/\/mljwiz3ouuzf.i.optimole.com\/cb:-bft.ac1\/w:768\/h:1024\/q:mauto\/ig:avif\/https:\/\/filmantrop.no\/omd\/wp-content\/uploads\/2023\/03\/49220781-9086-4110-A70F-0A951DC8B173.jpeg\"  decoding=\"async\" width=\"768\" height=\"1024\" data-id=\"2797\" src=\"data:image/svg+xml,%3Csvg%20viewBox%3D%220%200%20768%201024%22%20width%3D%22768%22%20height%3D%221024%22%20xmlns%3D%22http%3A%2F%2Fwww.w3.org%2F2000%2Fsvg%22%3E%3Crect%20width%3D%22768%22%20height%3D%221024%22%20fill%3D%22transparent%22%2F%3E%3C%2Fsvg%3E\" alt=\"\" class=\"wp-image-2797\" old-srcset=\"https:\/\/mljwiz3ouuzf.i.optimole.com\/cb:-bft.ac1\/w:768\/h:1024\/q:mauto\/ig:avif\/https:\/\/filmantrop.no\/omd\/wp-content\/uploads\/2023\/03\/49220781-9086-4110-A70F-0A951DC8B173-scaled.jpeg 768w, https:\/\/mljwiz3ouuzf.i.optimole.com\/cb:-bft.ac1\/w:225\/h:300\/q:mauto\/ig:avif\/https:\/\/filmantrop.no\/omd\/wp-content\/uploads\/2023\/03\/49220781-9086-4110-A70F-0A951DC8B173-scaled.jpeg 225w, https:\/\/mljwiz3ouuzf.i.optimole.com\/cb:-bft.ac1\/w:810\/h:1080\/q:mauto\/ig:avif\/https:\/\/filmantrop.no\/omd\/wp-content\/uploads\/2023\/03\/49220781-9086-4110-A70F-0A951DC8B173-scaled.jpeg 1152w, https:\/\/mljwiz3ouuzf.i.optimole.com\/cb:-bft.ac1\/w:810\/h:1080\/q:mauto\/ig:avif\/https:\/\/filmantrop.no\/omd\/wp-content\/uploads\/2023\/03\/49220781-9086-4110-A70F-0A951DC8B173-scaled.jpeg 1536w, https:\/\/mljwiz3ouuzf.i.optimole.com\/cb:-bft.ac1\/w:810\/h:1080\/q:mauto\/ig:avif\/https:\/\/filmantrop.no\/omd\/wp-content\/uploads\/2023\/03\/49220781-9086-4110-A70F-0A951DC8B173-scaled.jpeg 1920w\" \/><\/a><\/figure>\n\n\n\n<figure class=\"wp-block-image size-large\"><a href=\"https:\/\/mljwiz3ouuzf.i.optimole.com\/cb:-bft.ac1\/w:auto\/h:auto\/q:mauto\/ig:avif\/https:\/\/filmantrop.no\/omd\/wp-content\/uploads\/2023\/03\/48D0307D-7D21-45FF-BEEF-DE0B1CE1F89C-scaled.jpeg\"><img data-opt-id=215663206  data-opt-src=\"https:\/\/mljwiz3ouuzf.i.optimole.com\/cb:-bft.ac1\/w:768\/h:1024\/q:mauto\/ig:avif\/https:\/\/filmantrop.no\/omd\/wp-content\/uploads\/2023\/03\/48D0307D-7D21-45FF-BEEF-DE0B1CE1F89C.jpeg\"  decoding=\"async\" width=\"768\" height=\"1024\" data-id=\"2796\" src=\"data:image/svg+xml,%3Csvg%20viewBox%3D%220%200%20768%201024%22%20width%3D%22768%22%20height%3D%221024%22%20xmlns%3D%22http%3A%2F%2Fwww.w3.org%2F2000%2Fsvg%22%3E%3Crect%20width%3D%22768%22%20height%3D%221024%22%20fill%3D%22transparent%22%2F%3E%3C%2Fsvg%3E\" alt=\"\" class=\"wp-image-2796\" old-srcset=\"https:\/\/mljwiz3ouuzf.i.optimole.com\/cb:-bft.ac1\/w:768\/h:1024\/q:mauto\/ig:avif\/https:\/\/filmantrop.no\/omd\/wp-content\/uploads\/2023\/03\/48D0307D-7D21-45FF-BEEF-DE0B1CE1F89C-scaled.jpeg 768w, https:\/\/mljwiz3ouuzf.i.optimole.com\/cb:-bft.ac1\/w:225\/h:300\/q:mauto\/ig:avif\/https:\/\/filmantrop.no\/omd\/wp-content\/uploads\/2023\/03\/48D0307D-7D21-45FF-BEEF-DE0B1CE1F89C-scaled.jpeg 225w, https:\/\/mljwiz3ouuzf.i.optimole.com\/cb:-bft.ac1\/w:810\/h:1080\/q:mauto\/ig:avif\/https:\/\/filmantrop.no\/omd\/wp-content\/uploads\/2023\/03\/48D0307D-7D21-45FF-BEEF-DE0B1CE1F89C-scaled.jpeg 1152w, https:\/\/mljwiz3ouuzf.i.optimole.com\/cb:-bft.ac1\/w:810\/h:1080\/q:mauto\/ig:avif\/https:\/\/filmantrop.no\/omd\/wp-content\/uploads\/2023\/03\/48D0307D-7D21-45FF-BEEF-DE0B1CE1F89C-scaled.jpeg 1536w, https:\/\/mljwiz3ouuzf.i.optimole.com\/cb:-bft.ac1\/w:810\/h:1080\/q:mauto\/ig:avif\/https:\/\/filmantrop.no\/omd\/wp-content\/uploads\/2023\/03\/48D0307D-7D21-45FF-BEEF-DE0B1CE1F89C-scaled.jpeg 1920w\" \/><\/a><\/figure>\n\n\n\n<figure class=\"wp-block-image size-large\"><a href=\"https:\/\/mljwiz3ouuzf.i.optimole.com\/cb:-bft.ac1\/w:auto\/h:auto\/q:mauto\/ig:avif\/https:\/\/filmantrop.no\/omd\/wp-content\/uploads\/2023\/03\/0E99B16B-8488-4CD1-91F4-C03EBC35F6BE-scaled.jpeg\"><img data-opt-id=623452711  data-opt-src=\"https:\/\/mljwiz3ouuzf.i.optimole.com\/cb:-bft.ac1\/w:768\/h:1024\/q:mauto\/ig:avif\/https:\/\/filmantrop.no\/omd\/wp-content\/uploads\/2023\/03\/0E99B16B-8488-4CD1-91F4-C03EBC35F6BE.jpeg\"  decoding=\"async\" width=\"768\" height=\"1024\" data-id=\"2795\" src=\"data:image/svg+xml,%3Csvg%20viewBox%3D%220%200%20768%201024%22%20width%3D%22768%22%20height%3D%221024%22%20xmlns%3D%22http%3A%2F%2Fwww.w3.org%2F2000%2Fsvg%22%3E%3Crect%20width%3D%22768%22%20height%3D%221024%22%20fill%3D%22transparent%22%2F%3E%3C%2Fsvg%3E\" alt=\"\" class=\"wp-image-2795\" old-srcset=\"https:\/\/mljwiz3ouuzf.i.optimole.com\/cb:-bft.ac1\/w:768\/h:1024\/q:mauto\/ig:avif\/https:\/\/filmantrop.no\/omd\/wp-content\/uploads\/2023\/03\/0E99B16B-8488-4CD1-91F4-C03EBC35F6BE-scaled.jpeg 768w, https:\/\/mljwiz3ouuzf.i.optimole.com\/cb:-bft.ac1\/w:225\/h:300\/q:mauto\/ig:avif\/https:\/\/filmantrop.no\/omd\/wp-content\/uploads\/2023\/03\/0E99B16B-8488-4CD1-91F4-C03EBC35F6BE-scaled.jpeg 225w, https:\/\/mljwiz3ouuzf.i.optimole.com\/cb:-bft.ac1\/w:810\/h:1080\/q:mauto\/ig:avif\/https:\/\/filmantrop.no\/omd\/wp-content\/uploads\/2023\/03\/0E99B16B-8488-4CD1-91F4-C03EBC35F6BE-scaled.jpeg 1152w, https:\/\/mljwiz3ouuzf.i.optimole.com\/cb:-bft.ac1\/w:810\/h:1080\/q:mauto\/ig:avif\/https:\/\/filmantrop.no\/omd\/wp-content\/uploads\/2023\/03\/0E99B16B-8488-4CD1-91F4-C03EBC35F6BE-scaled.jpeg 1536w, https:\/\/mljwiz3ouuzf.i.optimole.com\/cb:-bft.ac1\/w:810\/h:1080\/q:mauto\/ig:avif\/https:\/\/filmantrop.no\/omd\/wp-content\/uploads\/2023\/03\/0E99B16B-8488-4CD1-91F4-C03EBC35F6BE-scaled.jpeg 1920w\" \/><\/a><\/figure>\n\n\n\n<figure class=\"wp-block-image size-large\"><a href=\"https:\/\/mljwiz3ouuzf.i.optimole.com\/cb:-bft.ac1\/w:auto\/h:auto\/q:mauto\/ig:avif\/https:\/\/filmantrop.no\/omd\/wp-content\/uploads\/2023\/03\/CFAA3969-AA21-4E14-80F2-1E4AE0DA3FA7-scaled.jpeg\"><img data-opt-id=336222776  data-opt-src=\"https:\/\/mljwiz3ouuzf.i.optimole.com\/cb:-bft.ac1\/w:768\/h:1024\/q:mauto\/ig:avif\/https:\/\/filmantrop.no\/omd\/wp-content\/uploads\/2023\/03\/CFAA3969-AA21-4E14-80F2-1E4AE0DA3FA7.jpeg\"  decoding=\"async\" width=\"768\" height=\"1024\" data-id=\"2794\" src=\"data:image/svg+xml,%3Csvg%20viewBox%3D%220%200%20768%201024%22%20width%3D%22768%22%20height%3D%221024%22%20xmlns%3D%22http%3A%2F%2Fwww.w3.org%2F2000%2Fsvg%22%3E%3Crect%20width%3D%22768%22%20height%3D%221024%22%20fill%3D%22transparent%22%2F%3E%3C%2Fsvg%3E\" alt=\"\" class=\"wp-image-2794\" old-srcset=\"https:\/\/mljwiz3ouuzf.i.optimole.com\/cb:-bft.ac1\/w:768\/h:1024\/q:mauto\/ig:avif\/https:\/\/filmantrop.no\/omd\/wp-content\/uploads\/2023\/03\/CFAA3969-AA21-4E14-80F2-1E4AE0DA3FA7-scaled.jpeg 768w, https:\/\/mljwiz3ouuzf.i.optimole.com\/cb:-bft.ac1\/w:225\/h:300\/q:mauto\/ig:avif\/https:\/\/filmantrop.no\/omd\/wp-content\/uploads\/2023\/03\/CFAA3969-AA21-4E14-80F2-1E4AE0DA3FA7-scaled.jpeg 225w, https:\/\/mljwiz3ouuzf.i.optimole.com\/cb:-bft.ac1\/w:810\/h:1080\/q:mauto\/ig:avif\/https:\/\/filmantrop.no\/omd\/wp-content\/uploads\/2023\/03\/CFAA3969-AA21-4E14-80F2-1E4AE0DA3FA7-scaled.jpeg 1152w, https:\/\/mljwiz3ouuzf.i.optimole.com\/cb:-bft.ac1\/w:810\/h:1080\/q:mauto\/ig:avif\/https:\/\/filmantrop.no\/omd\/wp-content\/uploads\/2023\/03\/CFAA3969-AA21-4E14-80F2-1E4AE0DA3FA7-scaled.jpeg 1536w, https:\/\/mljwiz3ouuzf.i.optimole.com\/cb:-bft.ac1\/w:810\/h:1080\/q:mauto\/ig:avif\/https:\/\/filmantrop.no\/omd\/wp-content\/uploads\/2023\/03\/CFAA3969-AA21-4E14-80F2-1E4AE0DA3FA7-scaled.jpeg 1920w\" \/><\/a><\/figure>\n<\/figure>\n","protected":false},"excerpt":{"rendered":"<p>En historie Opprinnelig fra en g\u00e5rd i n\u00e6rheten av Persaunet, Trondheim tidlig i forrige \u00e5rhundre.Da jeg overtok denne sykkelen var det flere Nidaros-detaljer p\u00e5 den. Det var p\u00e5limt et nyere merke (40-60-talls), det var ogs\u00e5 de stjernene som Nidaros var kjent for. I tillegg var det en verkt\u00f8yveske med Nidaros-gravering i l\u00e6ret.Dette f\u00e5r meg til&hellip;&nbsp;<a href=\"https:\/\/filmantrop.no\/omd\/andre-sykler\/nidaros-1909\/\" rel=\"bookmark\">Les mer &raquo;<span class=\"screen-reader-text\">Nidaros (1909)<\/span><\/a><\/p>\n","protected":false},"author":1,"featured_media":0,"parent":220,"menu_order":0,"comment_status":"closed","ping_status":"closed","template":"","meta":{"neve_meta_sidebar":"right","neve_meta_container":"","neve_meta_enable_content_width":"on","neve_meta_content_width":70,"neve_meta_title_alignment":"","neve_meta_author_avatar":"","neve_post_elements_order":"","neve_meta_disable_header":"","neve_meta_disable_footer":"","neve_meta_disable_title":"","_themeisle_gutenberg_block_has_review":false,"footnotes":""},"categories":[1,168],"tags":[179,172,149,147,12],"class_list":["post-2691","page","type-page","status-publish","hentry","category-sykkel","category-trondheim","tag-179","tag-2022s","tag-johan-lefstad","tag-nidaros","tag-torpedo"],"_links":{"self":[{"href":"https:\/\/filmantrop.no\/omd\/wp-json\/wp\/v2\/pages\/2691","targetHints":{"allow":["GET"]}}],"collection":[{"href":"https:\/\/filmantrop.no\/omd\/wp-json\/wp\/v2\/pages"}],"about":[{"href":"https:\/\/filmantrop.no\/omd\/wp-json\/wp\/v2\/types\/page"}],"author":[{"embeddable":true,"href":"https:\/\/filmantrop.no\/omd\/wp-json\/wp\/v2\/users\/1"}],"replies":[{"embeddable":true,"href":"https:\/\/filmantrop.no\/omd\/wp-json\/wp\/v2\/comments?post=2691"}],"version-history":[{"count":9,"href":"https:\/\/filmantrop.no\/omd\/wp-json\/wp\/v2\/pages\/2691\/revisions"}],"predecessor-version":[{"id":2962,"href":"https:\/\/filmantrop.no\/omd\/wp-json\/wp\/v2\/pages\/2691\/revisions\/2962"}],"up":[{"embeddable":true,"href":"https:\/\/filmantrop.no\/omd\/wp-json\/wp\/v2\/pages\/220"}],"wp:attachment":[{"href":"https:\/\/filmantrop.no\/omd\/wp-json\/wp\/v2\/media?parent=2691"}],"wp:term":[{"taxonomy":"category","embeddable":true,"href":"https:\/\/filmantrop.no\/omd\/wp-json\/wp\/v2\/categories?post=2691"},{"taxonomy":"post_tag","embeddable":true,"href":"https:\/\/filmantrop.no\/omd\/wp-json\/wp\/v2\/tags?post=2691"}],"curies":[{"name":"wp","href":"https:\/\/api.w.org\/{rel}","templated":true}]}}