{"id":8,"date":"2020-03-30T09:50:40","date_gmt":"2020-03-30T07:50:40","guid":{"rendered":"https:\/\/filmantrop.no\/omd\/?page_id=8"},"modified":"2020-08-05T16:58:12","modified_gmt":"2020-08-05T14:58:12","slug":"kontakt-oss","status":"publish","type":"page","link":"https:\/\/filmantrop.no\/omd\/kontakt-oss\/","title":{"rendered":"Kontakt"},"content":{"rendered":"\n<p>Jeg heter Jacob Olsen og er eier og driver av denne bloggen.<\/p>\n\n\n\n<p>Dette nettstedet er viet, stort sett, til hobbyen oppussing og bevaring av gamle sykler. Siden jeg bor i Steinkjer har jeg en spesiell interesse for sykler som i sin tid ble produsert her i kommunen. Deretter omkringliggende kommuner inkl. Trondheim, som har en spesielt rik sykkelhistorie.<br><\/p>\n\n\n\n<p>Racere er ogs\u00e5 interessante, samt andre spesielle sykler med s\u00e6rpreg og historie.<\/p>\n\n\n\n<p>Hvis dette gj\u00f8r at vi har felles interesser s\u00e5 kan du kontakte meg p\u00e5 f\u00f8lgende m\u00e5ter:<\/p>\n\n\n\n<p>e-post: <a href=\"mailto:de7utvalgte@gmail.com\">de7utvalgte@gmail.com<\/a><br>Mobil: 95 11 25 52<\/p>\n","protected":false},"excerpt":{"rendered":"<p>Jeg heter Jacob Olsen og er eier og driver av denne bloggen. Dette nettstedet er viet, stort sett, til hobbyen oppussing og bevaring av gamle sykler. Siden jeg bor i Steinkjer har jeg en spesiell interesse for sykler som i sin tid ble produsert her i kommunen. Deretter omkringliggende kommuner inkl. Trondheim, som har en&hellip;&nbsp;<a href=\"https:\/\/filmantrop.no\/omd\/kontakt-oss\/\" rel=\"bookmark\">Les mer &raquo;<span class=\"screen-reader-text\">Kontakt<\/span><\/a><\/p>\n","protected":false},"author":1,"featured_media":0,"parent":0,"menu_order":0,"comment_status":"closed","ping_status":"closed","template":"","meta":{"neve_meta_sidebar":"","neve_meta_container":"","neve_meta_enable_content_width":"off","neve_meta_content_width":0,"neve_meta_title_alignment":"","neve_meta_author_avatar":"","neve_post_elements_order":"","neve_meta_disable_header":"","neve_meta_disable_footer":"","neve_meta_disable_title":"","_themeisle_gutenberg_block_has_review":false,"footnotes":""},"categories":[],"tags":[],"class_list":["post-8","page","type-page","status-publish","hentry"],"_links":{"self":[{"href":"https:\/\/filmantrop.no\/omd\/wp-json\/wp\/v2\/pages\/8","targetHints":{"allow":["GET"]}}],"collection":[{"href":"https:\/\/filmantrop.no\/omd\/wp-json\/wp\/v2\/pages"}],"about":[{"href":"https:\/\/filmantrop.no\/omd\/wp-json\/wp\/v2\/types\/page"}],"author":[{"embeddable":true,"href":"https:\/\/filmantrop.no\/omd\/wp-json\/wp\/v2\/users\/1"}],"replies":[{"embeddable":true,"href":"https:\/\/filmantrop.no\/omd\/wp-json\/wp\/v2\/comments?post=8"}],"version-history":[{"count":6,"href":"https:\/\/filmantrop.no\/omd\/wp-json\/wp\/v2\/pages\/8\/revisions"}],"predecessor-version":[{"id":1239,"href":"https:\/\/filmantrop.no\/omd\/wp-json\/wp\/v2\/pages\/8\/revisions\/1239"}],"wp:attachment":[{"href":"https:\/\/filmantrop.no\/omd\/wp-json\/wp\/v2\/media?parent=8"}],"wp:term":[{"taxonomy":"category","embeddable":true,"href":"https:\/\/filmantrop.no\/omd\/wp-json\/wp\/v2\/categories?post=8"},{"taxonomy":"post_tag","embeddable":true,"href":"https:\/\/filmantrop.no\/omd\/wp-json\/wp\/v2\/tags?post=8"}],"curies":[{"name":"wp","href":"https:\/\/api.w.org\/{rel}","templated":true}]}}